{"id":1029,"date":"2024-08-05T13:38:30","date_gmt":"2024-08-05T11:38:30","guid":{"rendered":"https:\/\/gamalux.es\/servicios\/?page_id=1029"},"modified":"2025-12-30T13:30:51","modified_gmt":"2025-12-30T12:30:51","slug":"productos-ordenacion","status":"publish","type":"page","link":"https:\/\/gamalux.es\/servicios\/productos-ordenacion\/","title":{"rendered":"Productos de ordenaci\u00f3n"},"content":{"rendered":"\t\t<div data-elementor-type=\"wp-page\" data-elementor-id=\"1029\" class=\"elementor elementor-1029\" data-elementor-post-type=\"page\">\n\t\t\t\t\t\t<section class=\"elementor-section elementor-top-section elementor-element elementor-element-1fcfe01 elementor-section-height-min-height elementor-section-boxed elementor-section-height-default elementor-section-items-middle\" data-id=\"1fcfe01\" data-element_type=\"section\" data-settings=\"{&quot;background_background&quot;:&quot;classic&quot;}\">\n\t\t\t\t\t\t\t<div class=\"elementor-background-overlay\"><\/div>\n\t\t\t\t\t\t\t<div class=\"elementor-container elementor-column-gap-default\">\n\t\t\t\t\t<div class=\"elementor-column elementor-col-100 elementor-top-column elementor-element elementor-element-74cb99a\" data-id=\"74cb99a\" data-element_type=\"column\">\n\t\t\t<div class=\"elementor-widget-wrap elementor-element-populated\">\n\t\t\t\t\t\t\t<\/div>\n\t\t<\/div>\n\t\t\t\t\t<\/div>\n\t\t<\/section>\n\t\t\t\t<section class=\"elementor-section elementor-top-section elementor-element elementor-element-5b8e53b elementor-section-boxed elementor-section-height-default elementor-section-height-default\" data-id=\"5b8e53b\" data-element_type=\"section\">\n\t\t\t\t\t\t<div class=\"elementor-container elementor-column-gap-default\">\n\t\t\t\t\t<div class=\"elementor-column elementor-col-100 elementor-top-column elementor-element elementor-element-88c04bb\" data-id=\"88c04bb\" data-element_type=\"column\">\n\t\t\t<div class=\"elementor-widget-wrap elementor-element-populated\">\n\t\t\t\t\t\t<div class=\"elementor-element elementor-element-204c43e elementor-widget elementor-widget-spacer\" data-id=\"204c43e\" data-element_type=\"widget\" data-widget_type=\"spacer.default\">\n\t\t\t\t<div class=\"elementor-widget-container\">\n\t\t\t\t\t\t\t<div class=\"elementor-spacer\">\n\t\t\t<div class=\"elementor-spacer-inner\"><\/div>\n\t\t<\/div>\n\t\t\t\t\t\t<\/div>\n\t\t\t\t<\/div>\n\t\t\t\t\t<\/div>\n\t\t<\/div>\n\t\t\t\t\t<\/div>\n\t\t<\/section>\n\t\t\t\t<section class=\"elementor-section elementor-top-section elementor-element elementor-element-4cc8410 elementor-section-content-middle elementor-section-boxed elementor-section-height-default elementor-section-height-default\" data-id=\"4cc8410\" data-element_type=\"section\">\n\t\t\t\t\t\t<div class=\"elementor-container elementor-column-gap-default\">\n\t\t\t\t\t<div class=\"elementor-column elementor-col-100 elementor-top-column elementor-element elementor-element-198fcf3\" data-id=\"198fcf3\" data-element_type=\"column\">\n\t\t\t<div class=\"elementor-widget-wrap elementor-element-populated\">\n\t\t\t\t\t\t<div class=\"elementor-element elementor-element-cb2ac9c elementor-widget elementor-widget-heading\" data-id=\"cb2ac9c\" data-element_type=\"widget\" data-widget_type=\"heading.default\">\n\t\t\t\t<div class=\"elementor-widget-container\">\n\t\t\t\t\t<p class=\"elementor-heading-title elementor-size-default\">productos<\/p>\t\t\t\t<\/div>\n\t\t\t\t<\/div>\n\t\t\t\t<div class=\"elementor-element elementor-element-d5c64a0 elementor-widget elementor-widget-heading\" data-id=\"d5c64a0\" data-element_type=\"widget\" data-widget_type=\"heading.default\">\n\t\t\t\t<div class=\"elementor-widget-container\">\n\t\t\t\t\t<h2 class=\"elementor-heading-title elementor-size-default\">Productos de ordenaci\u00f3n<\/h2>\t\t\t\t<\/div>\n\t\t\t\t<\/div>\n\t\t\t\t<div class=\"elementor-element elementor-element-50b08e5 content-align-left icon-box-vertical-align-top icon-vertical-align-start elementor-widget elementor-widget-the7_image_box_grid_widget\" data-id=\"50b08e5\" data-element_type=\"widget\" data-widget_type=\"the7_image_box_grid_widget.default\">\n\t\t\t\t<div class=\"elementor-widget-container\">\n\t\t\t\t\t<div class=\"the7-box-grid-wrapper the7-elementor-widget loading-effect-none the7_image_box_grid_widget-50b08e5\">\t\t\t<div class=\"dt-css-grid\">\n\t\t\t\t\t\t\t\t\t<div class=\"wf-cell shown\">\n\t\t\t\t\t\t<div class=\"the7-image-box-wrapper the7-box-wrapper the7-elementor-widget\">\t\t\t\t\t\t\t<div class=\"box-content-wrapper\">\n\n\t\t\t\t\t\t\t\t\t\t\t\t\t\t\t\t\t<div class=\"elementor-image-div \">\n\t\t\t\t\t\t\t\t\t\t<a class=\"post-thumbnail-rollover layzr-bg img-css-resize-wrapper\" href=\"https:\/\/gamalux.es\/gavetas-apilables-c-1021\"><img decoding=\"async\" width=\"210\" height=\"210\" src=\"data:image\/svg+xml,%3Csvg%20xmlns%3D&#039;http%3A%2F%2Fwww.w3.org%2F2000%2Fsvg&#039;%20viewBox%3D&#039;0%200%20210%20210&#039;%2F%3E\" class=\"attachment-full size-full preload-me aspect lazy lazy-load\" alt=\"\" sizes=\"(max-width: 210px) 100vw, 210px\" style=\"--ratio: 210 \/ 210;\" data-src=\"https:\/\/gamalux.es\/servicios\/wp-content\/uploads\/2024\/08\/01-gavetas-apilables.jpg\" loading=\"eager\" data-srcset=\"https:\/\/gamalux.es\/servicios\/wp-content\/uploads\/2024\/08\/01-gavetas-apilables.jpg 210w, https:\/\/gamalux.es\/servicios\/wp-content\/uploads\/2024\/08\/01-gavetas-apilables-150x150.jpg 150w\" \/><\/a>\t\t\t\t\t\t\t\t\t<\/div>\n\t\t\t\t\t\t\t\t\t\t\t\t\t\t\t\t<div class=\"box-content\">\n\t\t\t\t\t\t\t\t\t<h4 class=\"box-heading\"><a href=\"https:\/\/gamalux.es\/gavetas-apilables-c-1021\">Gavetas apilables<\/a><\/h4>\t\t\t\t\t\t\t\t<\/div>\n\t\t\t\t\t\t\t<\/div>\n\t\t\t\t\t\t<\/div>\t\t\t\t\t<\/div>\n\t\t\t\t\t\t\t\t\t\t<div class=\"wf-cell shown\">\n\t\t\t\t\t\t<div class=\"the7-image-box-wrapper the7-box-wrapper the7-elementor-widget\">\t\t\t\t\t\t\t<div class=\"box-content-wrapper\">\n\n\t\t\t\t\t\t\t\t\t\t\t\t\t\t\t\t\t<div class=\"elementor-image-div \">\n\t\t\t\t\t\t\t\t\t\t<a class=\"post-thumbnail-rollover layzr-bg img-css-resize-wrapper\" href=\"https:\/\/gamalux.es\/cajas-de-plastico-apilables-c-1029\"><img decoding=\"async\" width=\"210\" height=\"210\" src=\"data:image\/svg+xml,%3Csvg%20xmlns%3D&#039;http%3A%2F%2Fwww.w3.org%2F2000%2Fsvg&#039;%20viewBox%3D&#039;0%200%20210%20210&#039;%2F%3E\" class=\"attachment-full size-full preload-me aspect lazy lazy-load\" alt=\"\" sizes=\"(max-width: 210px) 100vw, 210px\" style=\"--ratio: 210 \/ 210;\" data-src=\"https:\/\/gamalux.es\/servicios\/wp-content\/uploads\/2024\/08\/02-cajas-de-plastico.jpg\" loading=\"eager\" data-srcset=\"https:\/\/gamalux.es\/servicios\/wp-content\/uploads\/2024\/08\/02-cajas-de-plastico.jpg 210w, https:\/\/gamalux.es\/servicios\/wp-content\/uploads\/2024\/08\/02-cajas-de-plastico-150x150.jpg 150w\" \/><\/a>\t\t\t\t\t\t\t\t\t<\/div>\n\t\t\t\t\t\t\t\t\t\t\t\t\t\t\t\t<div class=\"box-content\">\n\t\t\t\t\t\t\t\t\t<h4 class=\"box-heading\"><a href=\"https:\/\/gamalux.es\/cajas-de-plastico-apilables-c-1029\">Cajas de pl\u00e1stico<\/a><\/h4>\t\t\t\t\t\t\t\t<\/div>\n\t\t\t\t\t\t\t<\/div>\n\t\t\t\t\t\t<\/div>\t\t\t\t\t<\/div>\n\t\t\t\t\t\t\t\t\t\t<div class=\"wf-cell shown\">\n\t\t\t\t\t\t<div class=\"the7-image-box-wrapper the7-box-wrapper the7-elementor-widget\">\t\t\t\t\t\t\t<div class=\"box-content-wrapper\">\n\n\t\t\t\t\t\t\t\t\t\t\t\t\t\t\t\t\t<div class=\"elementor-image-div \">\n\t\t\t\t\t\t\t\t\t\t<a class=\"post-thumbnail-rollover layzr-bg img-css-resize-wrapper\" href=\"https:\/\/gamalux.es\/cajones-de-plastico-c-1026\"><img decoding=\"async\" width=\"210\" height=\"210\" src=\"data:image\/svg+xml,%3Csvg%20xmlns%3D&#039;http%3A%2F%2Fwww.w3.org%2F2000%2Fsvg&#039;%20viewBox%3D&#039;0%200%20210%20210&#039;%2F%3E\" class=\"attachment-full size-full preload-me aspect lazy lazy-load\" alt=\"\" sizes=\"(max-width: 210px) 100vw, 210px\" style=\"--ratio: 210 \/ 210;\" data-src=\"https:\/\/gamalux.es\/servicios\/wp-content\/uploads\/2024\/08\/03-cajones-de-plastico.jpg\" loading=\"eager\" data-srcset=\"https:\/\/gamalux.es\/servicios\/wp-content\/uploads\/2024\/08\/03-cajones-de-plastico.jpg 210w, https:\/\/gamalux.es\/servicios\/wp-content\/uploads\/2024\/08\/03-cajones-de-plastico-150x150.jpg 150w\" \/><\/a>\t\t\t\t\t\t\t\t\t<\/div>\n\t\t\t\t\t\t\t\t\t\t\t\t\t\t\t\t<div class=\"box-content\">\n\t\t\t\t\t\t\t\t\t<h4 class=\"box-heading\"><a href=\"https:\/\/gamalux.es\/cajones-de-plastico-c-1026\">Cajones de pl\u00e1stico<\/a><\/h4>\t\t\t\t\t\t\t\t<\/div>\n\t\t\t\t\t\t\t<\/div>\n\t\t\t\t\t\t<\/div>\t\t\t\t\t<\/div>\n\t\t\t\t\t\t\t\t\t\t<div class=\"wf-cell shown\">\n\t\t\t\t\t\t<div class=\"the7-image-box-wrapper the7-box-wrapper the7-elementor-widget\">\t\t\t\t\t\t\t<div class=\"box-content-wrapper\">\n\n\t\t\t\t\t\t\t\t\t\t\t\t\t\t\t\t\t<div class=\"elementor-image-div \">\n\t\t\t\t\t\t\t\t\t\t<a class=\"post-thumbnail-rollover layzr-bg img-css-resize-wrapper\" href=\"https:\/\/gamalux.es\/organizadores-con-cajones-c-1028\"><img fetchpriority=\"high\" decoding=\"async\" width=\"560\" height=\"480\" src=\"data:image\/svg+xml,%3Csvg%20xmlns%3D&#039;http%3A%2F%2Fwww.w3.org%2F2000%2Fsvg&#039;%20viewBox%3D&#039;0%200%20560%20480&#039;%2F%3E\" class=\"attachment-full size-full preload-me aspect lazy lazy-load\" alt=\"\" sizes=\"(max-width: 560px) 100vw, 560px\" style=\"--ratio: 560 \/ 480;\" data-src=\"https:\/\/gamalux.es\/servicios\/wp-content\/uploads\/2025\/09\/estante-clasificador-tayg-de-12-gavetas.jpg\" loading=\"eager\" data-srcset=\"https:\/\/gamalux.es\/servicios\/wp-content\/uploads\/2025\/09\/estante-clasificador-tayg-de-12-gavetas.jpg 560w, https:\/\/gamalux.es\/servicios\/wp-content\/uploads\/2025\/09\/estante-clasificador-tayg-de-12-gavetas-300x257.jpg 300w\" \/><\/a>\t\t\t\t\t\t\t\t\t<\/div>\n\t\t\t\t\t\t\t\t\t\t\t\t\t\t\t\t<div class=\"box-content\">\n\t\t\t\t\t\t\t\t\t<h4 class=\"box-heading\"><a href=\"https:\/\/gamalux.es\/organizadores-con-cajones-c-1028\">M\u00f3dulos de cajoncitos<\/a><\/h4>\t\t\t\t\t\t\t\t<\/div>\n\t\t\t\t\t\t\t<\/div>\n\t\t\t\t\t\t<\/div>\t\t\t\t\t<\/div>\n\t\t\t\t\t\t\t\t\t\t<div class=\"wf-cell shown\">\n\t\t\t\t\t\t<div class=\"the7-image-box-wrapper the7-box-wrapper the7-elementor-widget\">\t\t\t\t\t\t\t<div class=\"box-content-wrapper\">\n\n\t\t\t\t\t\t\t\t\t\t\t\t\t\t\t\t\t<div class=\"elementor-image-div \">\n\t\t\t\t\t\t\t\t\t\t<a class=\"post-thumbnail-rollover layzr-bg img-css-resize-wrapper\" href=\"https:\/\/gamalux.es\/cajones-basculantes-c-1027\"><img decoding=\"async\" width=\"210\" height=\"210\" src=\"data:image\/svg+xml,%3Csvg%20xmlns%3D&#039;http%3A%2F%2Fwww.w3.org%2F2000%2Fsvg&#039;%20viewBox%3D&#039;0%200%20210%20210&#039;%2F%3E\" class=\"attachment-full size-full preload-me aspect lazy lazy-load\" alt=\"\" sizes=\"(max-width: 210px) 100vw, 210px\" style=\"--ratio: 210 \/ 210;\" data-src=\"https:\/\/gamalux.es\/servicios\/wp-content\/uploads\/2024\/08\/05-cajones-basculantes.jpg\" loading=\"eager\" data-srcset=\"https:\/\/gamalux.es\/servicios\/wp-content\/uploads\/2024\/08\/05-cajones-basculantes.jpg 210w, https:\/\/gamalux.es\/servicios\/wp-content\/uploads\/2024\/08\/05-cajones-basculantes-150x150.jpg 150w\" \/><\/a>\t\t\t\t\t\t\t\t\t<\/div>\n\t\t\t\t\t\t\t\t\t\t\t\t\t\t\t\t<div class=\"box-content\">\n\t\t\t\t\t\t\t\t\t<h4 class=\"box-heading\"><a href=\"https:\/\/gamalux.es\/cajones-basculantes-c-1027\">Cajones basculantes<\/a><\/h4>\t\t\t\t\t\t\t\t<\/div>\n\t\t\t\t\t\t\t<\/div>\n\t\t\t\t\t\t<\/div>\t\t\t\t\t<\/div>\n\t\t\t\t\t\t\t\t<\/div>\n\t\t\t<\/div>\t\t\t\t<\/div>\n\t\t\t\t<\/div>\n\t\t\t\t\t<\/div>\n\t\t<\/div>\n\t\t\t\t\t<\/div>\n\t\t<\/section>\n\t\t\t\t<section class=\"elementor-section elementor-top-section elementor-element elementor-element-0d0c850 elementor-section-boxed elementor-section-height-default elementor-section-height-default\" data-id=\"0d0c850\" data-element_type=\"section\">\n\t\t\t\t\t\t<div class=\"elementor-container elementor-column-gap-default\">\n\t\t\t\t\t<div class=\"elementor-column elementor-col-100 elementor-top-column elementor-element elementor-element-a19a328\" data-id=\"a19a328\" data-element_type=\"column\">\n\t\t\t<div class=\"elementor-widget-wrap elementor-element-populated\">\n\t\t\t\t\t\t<div class=\"elementor-element elementor-element-de7726e elementor-widget elementor-widget-spacer\" data-id=\"de7726e\" data-element_type=\"widget\" data-widget_type=\"spacer.default\">\n\t\t\t\t<div class=\"elementor-widget-container\">\n\t\t\t\t\t\t\t<div class=\"elementor-spacer\">\n\t\t\t<div class=\"elementor-spacer-inner\"><\/div>\n\t\t<\/div>\n\t\t\t\t\t\t<\/div>\n\t\t\t\t<\/div>\n\t\t\t\t<div class=\"elementor-element elementor-element-78b567e elementor-align-center elementor-widget elementor-widget-button\" data-id=\"78b567e\" data-element_type=\"widget\" data-widget_type=\"button.default\">\n\t\t\t\t<div class=\"elementor-widget-container\">\n\t\t\t\t\t\t\t\t\t<div class=\"elementor-button-wrapper\">\n\t\t\t\t\t<a class=\"elementor-button elementor-button-link elementor-size-sm\" href=\"\/ordenacion-c-1002\">\n\t\t\t\t\t\t<span class=\"elementor-button-content-wrapper\">\n\t\t\t\t\t\t\t\t\t<span class=\"elementor-button-text\">Puedes comprarlos en nuestra tienda online\u200b<\/span>\n\t\t\t\t\t<\/span>\n\t\t\t\t\t<\/a>\n\t\t\t\t<\/div>\n\t\t\t\t\t\t\t\t<\/div>\n\t\t\t\t<\/div>\n\t\t\t\t\t<\/div>\n\t\t<\/div>\n\t\t\t\t\t<\/div>\n\t\t<\/section>\n\t\t\t\t<section class=\"elementor-section elementor-top-section elementor-element elementor-element-4e00f2c elementor-section-boxed elementor-section-height-default elementor-section-height-default\" data-id=\"4e00f2c\" data-element_type=\"section\">\n\t\t\t\t\t\t<div class=\"elementor-container elementor-column-gap-default\">\n\t\t\t\t\t<div class=\"elementor-column elementor-col-100 elementor-top-column elementor-element elementor-element-9c9e936\" data-id=\"9c9e936\" data-element_type=\"column\">\n\t\t\t<div class=\"elementor-widget-wrap elementor-element-populated\">\n\t\t\t\t\t\t<div class=\"elementor-element elementor-element-a17150e elementor-widget elementor-widget-spacer\" data-id=\"a17150e\" data-element_type=\"widget\" data-widget_type=\"spacer.default\">\n\t\t\t\t<div class=\"elementor-widget-container\">\n\t\t\t\t\t\t\t<div class=\"elementor-spacer\">\n\t\t\t<div class=\"elementor-spacer-inner\"><\/div>\n\t\t<\/div>\n\t\t\t\t\t\t<\/div>\n\t\t\t\t<\/div>\n\t\t\t\t\t<\/div>\n\t\t<\/div>\n\t\t\t\t\t<\/div>\n\t\t<\/section>\n\t\t\t\t<\/div>\n\t\t","protected":false},"excerpt":{"rendered":"<p>productos Productos de ordenaci\u00f3n Gavetas apilables Cajas de pl\u00e1stico Cajones de pl\u00e1stico M\u00f3dulos de cajoncitos Cajones basculantes Puedes comprarlos en nuestra tienda online\u200b<\/p>\n","protected":false},"author":4,"featured_media":1032,"parent":0,"menu_order":0,"comment_status":"closed","ping_status":"closed","template":"","meta":{"_acf_changed":false,"footnotes":""},"class_list":["post-1029","page","type-page","status-publish","has-post-thumbnail","hentry"],"acf":[],"yoast_head":"<!-- This site is optimized with the Yoast SEO Premium plugin v23.9 (Yoast SEO v26.4) - https:\/\/yoast.com\/wordpress\/plugins\/seo\/ -->\n<title>Productos de ordenaci\u00f3n para empresas, almacenes y tiendas<\/title>\n<meta name=\"description\" content=\"Productos de ordenaci\u00f3n para empresas, almacenes y tiendas. En Gamalux prestamos un servicio integral para empresas\" \/>\n<meta name=\"robots\" content=\"index, follow, max-snippet:-1, max-image-preview:large, max-video-preview:-1\" \/>\n<link rel=\"canonical\" href=\"https:\/\/gamalux.es\/servicios\/productos-ordenacion\/\" \/>\n<meta property=\"og:locale\" content=\"es_ES\" \/>\n<meta property=\"og:type\" content=\"article\" \/>\n<meta property=\"og:title\" content=\"Productos de ordenaci\u00f3n\" \/>\n<meta property=\"og:description\" content=\"Productos de ordenaci\u00f3n para empresas, almacenes y tiendas. En Gamalux prestamos un servicio integral para empresas\" \/>\n<meta property=\"og:url\" content=\"https:\/\/gamalux.es\/servicios\/productos-ordenacion\/\" \/>\n<meta property=\"og:site_name\" content=\"Gamalux - Estanter\u00edas industriales\" \/>\n<meta property=\"article:modified_time\" content=\"2025-12-30T12:30:51+00:00\" \/>\n<meta property=\"og:image\" content=\"https:\/\/gamalux.es\/servicios\/wp-content\/uploads\/2024\/08\/productos-ordenacion-01.jpg\" \/>\n\t<meta property=\"og:image:width\" content=\"1500\" \/>\n\t<meta property=\"og:image:height\" content=\"844\" \/>\n\t<meta property=\"og:image:type\" content=\"image\/jpeg\" \/>\n<meta name=\"twitter:card\" content=\"summary_large_image\" \/>\n<meta name=\"twitter:label1\" content=\"Tiempo de lectura\" \/>\n\t<meta name=\"twitter:data1\" content=\"2 minutos\" \/>\n<script type=\"application\/ld+json\" class=\"yoast-schema-graph\">{\"@context\":\"https:\/\/schema.org\",\"@graph\":[{\"@type\":\"WebPage\",\"@id\":\"https:\/\/gamalux.es\/servicios\/productos-ordenacion\/\",\"url\":\"https:\/\/gamalux.es\/servicios\/productos-ordenacion\/\",\"name\":\"Productos de ordenaci\u00f3n para empresas, almacenes y tiendas\",\"isPartOf\":{\"@id\":\"https:\/\/gamalux.es\/servicios\/#website\"},\"primaryImageOfPage\":{\"@id\":\"https:\/\/gamalux.es\/servicios\/productos-ordenacion\/#primaryimage\"},\"image\":{\"@id\":\"https:\/\/gamalux.es\/servicios\/productos-ordenacion\/#primaryimage\"},\"thumbnailUrl\":\"https:\/\/gamalux.es\/servicios\/wp-content\/uploads\/2024\/08\/productos-ordenacion-01.jpg\",\"datePublished\":\"2024-08-05T11:38:30+00:00\",\"dateModified\":\"2025-12-30T12:30:51+00:00\",\"description\":\"Productos de ordenaci\u00f3n para empresas, almacenes y tiendas. En Gamalux prestamos un servicio integral para empresas\",\"breadcrumb\":{\"@id\":\"https:\/\/gamalux.es\/servicios\/productos-ordenacion\/#breadcrumb\"},\"inLanguage\":\"es\",\"potentialAction\":[{\"@type\":\"ReadAction\",\"target\":[\"https:\/\/gamalux.es\/servicios\/productos-ordenacion\/\"]}]},{\"@type\":\"ImageObject\",\"inLanguage\":\"es\",\"@id\":\"https:\/\/gamalux.es\/servicios\/productos-ordenacion\/#primaryimage\",\"url\":\"https:\/\/gamalux.es\/servicios\/wp-content\/uploads\/2024\/08\/productos-ordenacion-01.jpg\",\"contentUrl\":\"https:\/\/gamalux.es\/servicios\/wp-content\/uploads\/2024\/08\/productos-ordenacion-01.jpg\",\"width\":1500,\"height\":844},{\"@type\":\"BreadcrumbList\",\"@id\":\"https:\/\/gamalux.es\/servicios\/productos-ordenacion\/#breadcrumb\",\"itemListElement\":[{\"@type\":\"ListItem\",\"position\":1,\"name\":\"Portada\",\"item\":\"https:\/\/gamalux.es\/servicios\/\"},{\"@type\":\"ListItem\",\"position\":2,\"name\":\"Productos de ordenaci\u00f3n\"}]},{\"@type\":\"WebSite\",\"@id\":\"https:\/\/gamalux.es\/servicios\/#website\",\"url\":\"https:\/\/gamalux.es\/servicios\/\",\"name\":\"Gamalux - Estanter\u00edas industriales\",\"description\":\"\",\"publisher\":{\"@id\":\"https:\/\/gamalux.es\/servicios\/#organization\"},\"potentialAction\":[{\"@type\":\"SearchAction\",\"target\":{\"@type\":\"EntryPoint\",\"urlTemplate\":\"https:\/\/gamalux.es\/servicios\/?s={search_term_string}\"},\"query-input\":{\"@type\":\"PropertyValueSpecification\",\"valueRequired\":true,\"valueName\":\"search_term_string\"}}],\"inLanguage\":\"es\"},{\"@type\":\"Organization\",\"@id\":\"https:\/\/gamalux.es\/servicios\/#organization\",\"name\":\"Gamalux - Estanter\u00edas industriales\",\"url\":\"https:\/\/gamalux.es\/servicios\/\",\"logo\":{\"@type\":\"ImageObject\",\"inLanguage\":\"es\",\"@id\":\"https:\/\/gamalux.es\/servicios\/#\/schema\/logo\/image\/\",\"url\":\"https:\/\/gamalux.es\/servicios\/wp-content\/uploads\/2024\/07\/gamalux.svg\",\"contentUrl\":\"https:\/\/gamalux.es\/servicios\/wp-content\/uploads\/2024\/07\/gamalux.svg\",\"width\":93,\"height\":90,\"caption\":\"Gamalux - Estanter\u00edas industriales\"},\"image\":{\"@id\":\"https:\/\/gamalux.es\/servicios\/#\/schema\/logo\/image\/\"}}]}<\/script>\n<!-- \/ Yoast SEO Premium plugin. -->","yoast_head_json":{"title":"Productos de ordenaci\u00f3n para empresas, almacenes y tiendas","description":"Productos de ordenaci\u00f3n para empresas, almacenes y tiendas. En Gamalux prestamos un servicio integral para empresas","robots":{"index":"index","follow":"follow","max-snippet":"max-snippet:-1","max-image-preview":"max-image-preview:large","max-video-preview":"max-video-preview:-1"},"canonical":"https:\/\/gamalux.es\/servicios\/productos-ordenacion\/","og_locale":"es_ES","og_type":"article","og_title":"Productos de ordenaci\u00f3n","og_description":"Productos de ordenaci\u00f3n para empresas, almacenes y tiendas. En Gamalux prestamos un servicio integral para empresas","og_url":"https:\/\/gamalux.es\/servicios\/productos-ordenacion\/","og_site_name":"Gamalux - Estanter\u00edas industriales","article_modified_time":"2025-12-30T12:30:51+00:00","og_image":[{"width":1500,"height":844,"url":"https:\/\/gamalux.es\/servicios\/wp-content\/uploads\/2024\/08\/productos-ordenacion-01.jpg","type":"image\/jpeg"}],"twitter_card":"summary_large_image","twitter_misc":{"Tiempo de lectura":"2 minutos"},"schema":{"@context":"https:\/\/schema.org","@graph":[{"@type":"WebPage","@id":"https:\/\/gamalux.es\/servicios\/productos-ordenacion\/","url":"https:\/\/gamalux.es\/servicios\/productos-ordenacion\/","name":"Productos de ordenaci\u00f3n para empresas, almacenes y tiendas","isPartOf":{"@id":"https:\/\/gamalux.es\/servicios\/#website"},"primaryImageOfPage":{"@id":"https:\/\/gamalux.es\/servicios\/productos-ordenacion\/#primaryimage"},"image":{"@id":"https:\/\/gamalux.es\/servicios\/productos-ordenacion\/#primaryimage"},"thumbnailUrl":"https:\/\/gamalux.es\/servicios\/wp-content\/uploads\/2024\/08\/productos-ordenacion-01.jpg","datePublished":"2024-08-05T11:38:30+00:00","dateModified":"2025-12-30T12:30:51+00:00","description":"Productos de ordenaci\u00f3n para empresas, almacenes y tiendas. En Gamalux prestamos un servicio integral para empresas","breadcrumb":{"@id":"https:\/\/gamalux.es\/servicios\/productos-ordenacion\/#breadcrumb"},"inLanguage":"es","potentialAction":[{"@type":"ReadAction","target":["https:\/\/gamalux.es\/servicios\/productos-ordenacion\/"]}]},{"@type":"ImageObject","inLanguage":"es","@id":"https:\/\/gamalux.es\/servicios\/productos-ordenacion\/#primaryimage","url":"https:\/\/gamalux.es\/servicios\/wp-content\/uploads\/2024\/08\/productos-ordenacion-01.jpg","contentUrl":"https:\/\/gamalux.es\/servicios\/wp-content\/uploads\/2024\/08\/productos-ordenacion-01.jpg","width":1500,"height":844},{"@type":"BreadcrumbList","@id":"https:\/\/gamalux.es\/servicios\/productos-ordenacion\/#breadcrumb","itemListElement":[{"@type":"ListItem","position":1,"name":"Portada","item":"https:\/\/gamalux.es\/servicios\/"},{"@type":"ListItem","position":2,"name":"Productos de ordenaci\u00f3n"}]},{"@type":"WebSite","@id":"https:\/\/gamalux.es\/servicios\/#website","url":"https:\/\/gamalux.es\/servicios\/","name":"Gamalux - Estanter\u00edas industriales","description":"","publisher":{"@id":"https:\/\/gamalux.es\/servicios\/#organization"},"potentialAction":[{"@type":"SearchAction","target":{"@type":"EntryPoint","urlTemplate":"https:\/\/gamalux.es\/servicios\/?s={search_term_string}"},"query-input":{"@type":"PropertyValueSpecification","valueRequired":true,"valueName":"search_term_string"}}],"inLanguage":"es"},{"@type":"Organization","@id":"https:\/\/gamalux.es\/servicios\/#organization","name":"Gamalux - Estanter\u00edas industriales","url":"https:\/\/gamalux.es\/servicios\/","logo":{"@type":"ImageObject","inLanguage":"es","@id":"https:\/\/gamalux.es\/servicios\/#\/schema\/logo\/image\/","url":"https:\/\/gamalux.es\/servicios\/wp-content\/uploads\/2024\/07\/gamalux.svg","contentUrl":"https:\/\/gamalux.es\/servicios\/wp-content\/uploads\/2024\/07\/gamalux.svg","width":93,"height":90,"caption":"Gamalux - Estanter\u00edas industriales"},"image":{"@id":"https:\/\/gamalux.es\/servicios\/#\/schema\/logo\/image\/"}}]}},"_links":{"self":[{"href":"https:\/\/gamalux.es\/servicios\/wp-json\/wp\/v2\/pages\/1029","targetHints":{"allow":["GET"]}}],"collection":[{"href":"https:\/\/gamalux.es\/servicios\/wp-json\/wp\/v2\/pages"}],"about":[{"href":"https:\/\/gamalux.es\/servicios\/wp-json\/wp\/v2\/types\/page"}],"author":[{"embeddable":true,"href":"https:\/\/gamalux.es\/servicios\/wp-json\/wp\/v2\/users\/4"}],"replies":[{"embeddable":true,"href":"https:\/\/gamalux.es\/servicios\/wp-json\/wp\/v2\/comments?post=1029"}],"version-history":[{"count":28,"href":"https:\/\/gamalux.es\/servicios\/wp-json\/wp\/v2\/pages\/1029\/revisions"}],"predecessor-version":[{"id":3600,"href":"https:\/\/gamalux.es\/servicios\/wp-json\/wp\/v2\/pages\/1029\/revisions\/3600"}],"wp:featuredmedia":[{"embeddable":true,"href":"https:\/\/gamalux.es\/servicios\/wp-json\/wp\/v2\/media\/1032"}],"wp:attachment":[{"href":"https:\/\/gamalux.es\/servicios\/wp-json\/wp\/v2\/media?parent=1029"}],"curies":[{"name":"wp","href":"https:\/\/api.w.org\/{rel}","templated":true}]}}