{"id":1051,"date":"2024-08-05T14:47:51","date_gmt":"2024-08-05T12:47:51","guid":{"rendered":"https:\/\/gamalux.es\/servicios\/?page_id=1051"},"modified":"2025-02-07T13:30:28","modified_gmt":"2025-02-07T12:30:28","slug":"aviso-legal","status":"publish","type":"page","link":"https:\/\/gamalux.es\/servicios\/aviso-legal\/","title":{"rendered":"Aviso legal"},"content":{"rendered":"\t\t<div data-elementor-type=\"wp-page\" data-elementor-id=\"1051\" class=\"elementor elementor-1051\" data-elementor-post-type=\"page\">\n\t\t\t\t\t\t<section class=\"elementor-section elementor-top-section elementor-element elementor-element-1c4ddfc elementor-section-height-min-height elementor-section-boxed elementor-section-height-default elementor-section-items-middle\" data-id=\"1c4ddfc\" data-element_type=\"section\" data-settings=\"{&quot;background_background&quot;:&quot;classic&quot;}\">\n\t\t\t\t\t\t\t<div class=\"elementor-background-overlay\"><\/div>\n\t\t\t\t\t\t\t<div class=\"elementor-container elementor-column-gap-default\">\n\t\t\t\t\t<div class=\"elementor-column elementor-col-100 elementor-top-column elementor-element elementor-element-56bc37b\" data-id=\"56bc37b\" data-element_type=\"column\">\n\t\t\t<div class=\"elementor-widget-wrap elementor-element-populated\">\n\t\t\t\t\t\t\t<\/div>\n\t\t<\/div>\n\t\t\t\t\t<\/div>\n\t\t<\/section>\n\t\t\t\t<section class=\"elementor-section elementor-top-section elementor-element elementor-element-5b8e53b elementor-section-boxed elementor-section-height-default elementor-section-height-default\" data-id=\"5b8e53b\" data-element_type=\"section\">\n\t\t\t\t\t\t<div class=\"elementor-container elementor-column-gap-default\">\n\t\t\t\t\t<div class=\"elementor-column elementor-col-100 elementor-top-column elementor-element elementor-element-88c04bb\" data-id=\"88c04bb\" data-element_type=\"column\">\n\t\t\t<div class=\"elementor-widget-wrap elementor-element-populated\">\n\t\t\t\t\t\t<div class=\"elementor-element elementor-element-204c43e elementor-widget elementor-widget-spacer\" data-id=\"204c43e\" data-element_type=\"widget\" data-widget_type=\"spacer.default\">\n\t\t\t\t<div class=\"elementor-widget-container\">\n\t\t\t\t\t\t\t<div class=\"elementor-spacer\">\n\t\t\t<div class=\"elementor-spacer-inner\"><\/div>\n\t\t<\/div>\n\t\t\t\t\t\t<\/div>\n\t\t\t\t<\/div>\n\t\t\t\t\t<\/div>\n\t\t<\/div>\n\t\t\t\t\t<\/div>\n\t\t<\/section>\n\t\t\t\t<section class=\"elementor-section elementor-top-section elementor-element elementor-element-7548887 elementor-section-boxed elementor-section-height-default elementor-section-height-default\" data-id=\"7548887\" data-element_type=\"section\">\n\t\t\t\t\t\t<div class=\"elementor-container elementor-column-gap-default\">\n\t\t\t\t\t<div class=\"elementor-column elementor-col-100 elementor-top-column elementor-element elementor-element-6427ccc\" data-id=\"6427ccc\" data-element_type=\"column\">\n\t\t\t<div class=\"elementor-widget-wrap elementor-element-populated\">\n\t\t\t\t\t\t<div class=\"elementor-element elementor-element-7446d3c elementor-widget elementor-widget-text-editor\" data-id=\"7446d3c\" data-element_type=\"widget\" data-widget_type=\"text-editor.default\">\n\t\t\t\t<div class=\"elementor-widget-container\">\n\t\t\t\t\t\t\t\t\t<p><strong>Titularidad &#8211; Ley 34\/2002, de 11 de julio (LSSI)<\/strong><\/p><p>La titularidad del presente sitio web corresponde a ESTANTERIAS GAMALUX, S.L., con domicilio social en SEVILLA y CIF B91491258. Inscrita en el Registro Mercantil de Sevilla, Tomo 4285, Secci\u00f3n 8\u00aa, Hoja SE-65107.<\/p><p>Los datos identificativos y de contacto de la empresa son los siguientes: ESTANTERIAS GAMALUX, S.L. CIF B91491258<\/p><p>Direcci\u00f3n: C\/Automoci\u00f3n, 18 &#8211; 41007 &#8211; Sevilla Tel: 954355889 Mail: info@gamalux.es<\/p><p><strong>Limitaci\u00f3n de Responsabilidad<\/strong><\/p><p>Quien utiliza este Sitio Web, lo hace por su propia cuenta y riesgo. No podemos garantizar que el Sitio Web se mantenga de modo ininterrumpido, sin demoras, sin errores, sin omisiones o libre de virus por implicaci\u00f3n de terceras partes ajenas a la empresa.<br \/>No nos hacemos responsables de cualquier da\u00f1o o perjuicio que pueda producirse en el futuro, ni de los defectos t\u00e9cnicos -cualquiera que sea su naturaleza-, ni asumimos la responsabilidad derivada del uso incorrecto, inapropiado o il\u00edcito de la informaci\u00f3n aparecida en el Sito Web, siempre y cuando todos estos problemas vengan derivados de un tercero.<br \/>El usuario acepta por tanto, que con los l\u00edmites establecidos en la ley, el titular de esta Web no ser\u00e1 responsable de ning\u00fan da\u00f1o indirecto, extraordinario por cuestiones t\u00e9cnicas o de otro tipo, accidental, cr\u00edtico, o con compensaciones ejemplares, incluyendo pero no limitado a, da\u00f1os por la p\u00e9rdida de beneficios, datos u otras p\u00e9rdidas intangibles, como resultado de:<\/p><ol><li>El uso o la imposibilidad de utilizar la web,<\/li><li>Un acceso no autorizado o la alteraci\u00f3n de la transmisi\u00f3n de sus datos,<\/li><li>Declaraciones o conductas de cualquier tercero en la web, o<\/li><li>Cualquier otro asunto relativo a la misma.<\/li><\/ol><p>La empresa se reserva el derecho de modificar en cualquier momento y sin previo aviso, la presentaci\u00f3n y configuraci\u00f3n, as\u00ed como los contenidos y las condiciones requeridas para utilizar los mismos.<\/p><p><strong>Informaci\u00f3n de caracter general<\/strong><\/p><p>Las presentes Condiciones Generales, as\u00ed como cualquier relaci\u00f3n entre Usuario y prestador de servicio Web se regir\u00e1n por la legislaci\u00f3n espa\u00f1ola.<br \/>Para cualquier cuesti\u00f3n litigiosa derivada de la existencia o contenido de estas Condiciones Generales o de las relaciones entre el Usuario y el titular de la Web, ambas partes -con renuncia expresa a cualquier otro fuero que pudiera corresponderles- se someten a la jurisdicci\u00f3n y competencia exclusiva de los Juzgados y Tribunales de Sevilla (Espa\u00f1a).<br \/>Nos reservamos el derecho a realizar cambios en cualquier momento en el sitio Web, as\u00ed como en estas Condiciones Generales.<\/p><p><strong>Derecho de informaci\u00f3n<\/strong><\/p><p>De conformidad con lo establecido por la Ley Org\u00e1nica 15\/1999, de 13 de diciembre, de Protecci\u00f3n de Datos de Car\u00e1cter Personal (en adelante, LOPD),<strong> ESTANTER\u00cdAS GAMALUX, S.L.<\/strong> (en adelante, La Empresa), titular del sitio web, informan al usuario de este sitio de la existencia de un fichero automatizado de datos de car\u00e1cter personal creado por La Empresa y bajo su responsabilidad.<\/p><p><strong>Finalidad<\/strong><\/p><p>Los datos de los usuarios registrados a trav\u00e9s de los formularios habilitados al efecto en el sitio web son recabados con la finalidad de facilitar la prestaci\u00f3n de los servicios que se proporcionan a trav\u00e9s de dicho sitio web, e informar sobre promociones y otros servicios que pudieran resultar del inter\u00e9s del usuario.<\/p><p><strong>Consentimiento del usuario<\/strong><\/p><p>El env\u00edo de datos personales, mediante el uso de los formularios electr\u00f3nicos o -en su caso- mensajes de correo electr\u00f3nico, supone el consentimiento expreso del remitente al tratamiento automatizado de los datos incluidos en los medios de comunicaci\u00f3n indicados, para las finalidades antes descritas as\u00ed como al env\u00edo de comunicaciones v\u00eda electr\u00f3nica con informaci\u00f3n acerca de nuestros servicios.<br \/>Asimismo, mediante la aceptaci\u00f3n de la presente pol\u00edtica de privacidad, el usuario nos autoriza expresamente a ceder los referidos datos personales a empresas del grupo para los fines informativos espec\u00edficos.<\/p><p><strong>Derechos de acceso, rectificaci\u00f3n, oposici\u00f3n y cancelaci\u00f3n de los usuarios.<\/strong><\/p><p>El usuario podr\u00e1 ejercer sus derechos de acceso, rectificaci\u00f3n, oposici\u00f3n y cancelaci\u00f3n al tratamiento de sus datos personales, en los t\u00e9rminos y condiciones previstos en la LOPD.<br \/>Podr\u00e1 ejercer dichos derechos dirigi\u00e9ndose a <strong>ESTANTER\u00cdAS GAMALUX, S.L.<\/strong>, P.I. Calonge &#8211; C\/Automoci\u00f3n, 18, 41007 Sevilla (SEVILLA)<\/p><p><strong>Seguridad<\/strong><\/p><p>La Empresa mantiene los niveles de seguridad de protecci\u00f3n de datos personales conforme al Real Decreto 994\/1999, de 11 de junio, relativo a las medidas de seguridad de los ficheros automatizados que contengan datos de car\u00e1cter personal, y ha establecido todos los medios t\u00e9cnicos a su alcance para evitar la p\u00e9rdida, mal uso, alteraci\u00f3n, acceso no autorizado y robo de los datos que el usuario facilite a trav\u00e9s del sitio web, sin perjuicio de informarle de que las medidas de seguridad en Internet no son inexpugnables.<br \/>La Empresa se compromete a cumplir con el deber de secreto y confidencialidad respecto de los datos personales contenidos en el fichero automatizado de acuerdo con la legislaci\u00f3n aplicable, as\u00ed como a conferirles un tratamiento seguro en las cesiones, que en su caso, puedan producirse.<\/p><p><strong>Newsletter<\/strong><\/p><p>La Empresa pondr\u00e1 a disposici\u00f3n de los usuarios que previamente lo hayan autorizado a trav\u00e9s del formulario de suscripci\u00f3n habilitado a tal efecto, el servicio de env\u00edo de un bolet\u00edn en el que se incluyen las noticias, novedades e informaci\u00f3n m\u00e1s relevantes del sitio web. Asimismo, el usuario podr\u00e1 darse de baja o modificar los datos de suscripci\u00f3n al mencionado bolet\u00edn a trav\u00e9s del propio correo-e o de un formulario interactivo incluido en el sitio web.<br \/>Asimismo, La Empresa informa que remitir\u00e1 comunicaciones comerciales por medios electr\u00f3nicos con informaci\u00f3n sobre otros productos, servicios y eventos que puedan ser de inter\u00e9s para los usuarios del sitio web cuando as\u00ed lo soliciten expresamente. Dicho consentimiento podr\u00e1 ser revocado en cualquier momento por el usuario, con la simple notificaci\u00f3n de su voluntad, y no tendr\u00e1 car\u00e1cter retroactivo.<\/p><p><strong>Informaci\u00f3n sobre cookies y t\u00e9cnicas de &#8216;spamming&#8217;<\/strong><\/p><p>La Empresa no utiliza t\u00e9cnicas de &#8216;spamming&#8217; y \u00fanicamente tratar\u00e1 los datos que el usuario transmita mediante los formularios electr\u00f3nicos habilitados en este sitio web o mensajes de correo electr\u00f3nico.<br \/>El tratamiento de los datos de car\u00e1cter personal, as\u00ed como el env\u00edo de comunicaciones comerciales realizadas por medios electr\u00f3nicos, son conformes a la Ley Org\u00e1nica 15\/1999, de 13 de diciembre, de Protecci\u00f3n de Datos de Car\u00e1cter Personal (B.O.E. de 14 de diciembre de 1999) y a la Ley 34\/2002, de 11 de julio, de servicios de la Sociedad de Informaci\u00f3n y de Comercio Electr\u00f3nico (B.O.E. de 12 de julio de 2002).<\/p><p><strong>Modificaci\u00f3n de la presente pol\u00edtica de privacidad<\/strong><\/p><p>La Empresa se reserva el derecho a modificar la presente pol\u00edtica para adaptarla a futuras novedades legislativas o jurisprudenciales, as\u00ed como a pr\u00e1cticas de la industria, informando previamente a los usuarios de los cambios que en ella se produzcan.<\/p><p><strong>Informaci\u00f3n relacionada con la resoluci\u00f3n de disputa en l\u00ednea del Art. 14, p\u00e1rr. 1 del ODR (Regulaci\u00f3n de resoluci\u00f3n de disputa en l\u00ednea):<\/strong><\/p><p>La Comisi\u00f3n Europea ofrece a los consumidores la oportunidad de resolver disputas en l\u00ednea conforme al Art. 14, p\u00e1rr. 1 del ODR en una de sus plataformas. La plataforma (<a href=\"http:\/\/ec.europa.eu\/consumers\/odr\" target=\"_blank\" rel=\"noopener\">http:\/\/ec.europa.eu\/consumers\/odr<\/a>) sirve como web en la que los consumidores pueden intentar llegar a acuerdos sin ir a juicio relacionados con las disputas que surjan en las compras y contratos de servicios en l\u00ednea.<\/p>\t\t\t\t\t\t\t\t<\/div>\n\t\t\t\t<\/div>\n\t\t\t\t\t<\/div>\n\t\t<\/div>\n\t\t\t\t\t<\/div>\n\t\t<\/section>\n\t\t\t\t<section class=\"elementor-section elementor-top-section elementor-element elementor-element-4e00f2c elementor-section-boxed elementor-section-height-default elementor-section-height-default\" data-id=\"4e00f2c\" data-element_type=\"section\">\n\t\t\t\t\t\t<div class=\"elementor-container elementor-column-gap-default\">\n\t\t\t\t\t<div class=\"elementor-column elementor-col-100 elementor-top-column elementor-element elementor-element-9c9e936\" data-id=\"9c9e936\" data-element_type=\"column\">\n\t\t\t<div class=\"elementor-widget-wrap elementor-element-populated\">\n\t\t\t\t\t\t<div class=\"elementor-element elementor-element-a17150e elementor-widget elementor-widget-spacer\" data-id=\"a17150e\" data-element_type=\"widget\" data-widget_type=\"spacer.default\">\n\t\t\t\t<div class=\"elementor-widget-container\">\n\t\t\t\t\t\t\t<div class=\"elementor-spacer\">\n\t\t\t<div class=\"elementor-spacer-inner\"><\/div>\n\t\t<\/div>\n\t\t\t\t\t\t<\/div>\n\t\t\t\t<\/div>\n\t\t\t\t\t<\/div>\n\t\t<\/div>\n\t\t\t\t\t<\/div>\n\t\t<\/section>\n\t\t\t\t<\/div>\n\t\t","protected":false},"excerpt":{"rendered":"<p>Titularidad &#8211; Ley 34\/2002, de 11 de julio (LSSI) La titularidad del presente sitio web corresponde a ESTANTERIAS GAMALUX, S.L., con domicilio social en SEVILLA y CIF B91491258. Inscrita en el Registro Mercantil de Sevilla, Tomo 4285, Secci\u00f3n 8\u00aa, Hoja SE-65107. Los datos identificativos y de contacto de la empresa son los siguientes: ESTANTERIAS GAMALUX,&hellip;<\/p>\n","protected":false},"author":4,"featured_media":0,"parent":0,"menu_order":0,"comment_status":"closed","ping_status":"closed","template":"","meta":{"_acf_changed":false,"footnotes":""},"class_list":["post-1051","page","type-page","status-publish","hentry"],"acf":[],"yoast_head":"<!-- This site is optimized with the Yoast SEO Premium plugin v23.9 (Yoast SEO v26.4) - https:\/\/yoast.com\/wordpress\/plugins\/seo\/ -->\n<title>Aviso legal | Gamalux estanter\u00edas<\/title>\n<meta name=\"description\" content=\"Aviso legal de Gamalux Estanter\u00edas\" \/>\n<meta name=\"robots\" content=\"index, follow, max-snippet:-1, max-image-preview:large, max-video-preview:-1\" \/>\n<link rel=\"canonical\" href=\"https:\/\/gamalux.es\/servicios\/aviso-legal\/\" \/>\n<meta property=\"og:locale\" content=\"es_ES\" \/>\n<meta property=\"og:type\" content=\"article\" \/>\n<meta property=\"og:title\" content=\"Aviso legal\" \/>\n<meta property=\"og:description\" content=\"Aviso legal de Gamalux Estanter\u00edas\" \/>\n<meta property=\"og:url\" content=\"https:\/\/gamalux.es\/servicios\/aviso-legal\/\" \/>\n<meta property=\"og:site_name\" content=\"Gamalux - Estanter\u00edas industriales\" \/>\n<meta property=\"article:modified_time\" content=\"2025-02-07T12:30:28+00:00\" \/>\n<meta name=\"twitter:card\" content=\"summary_large_image\" \/>\n<meta name=\"twitter:label1\" content=\"Tiempo de lectura\" \/>\n\t<meta name=\"twitter:data1\" content=\"6 minutos\" \/>\n<script type=\"application\/ld+json\" class=\"yoast-schema-graph\">{\"@context\":\"https:\/\/schema.org\",\"@graph\":[{\"@type\":\"WebPage\",\"@id\":\"https:\/\/gamalux.es\/servicios\/aviso-legal\/\",\"url\":\"https:\/\/gamalux.es\/servicios\/aviso-legal\/\",\"name\":\"Aviso legal | Gamalux estanter\u00edas\",\"isPartOf\":{\"@id\":\"https:\/\/gamalux.es\/servicios\/#website\"},\"datePublished\":\"2024-08-05T12:47:51+00:00\",\"dateModified\":\"2025-02-07T12:30:28+00:00\",\"description\":\"Aviso legal de Gamalux Estanter\u00edas\",\"breadcrumb\":{\"@id\":\"https:\/\/gamalux.es\/servicios\/aviso-legal\/#breadcrumb\"},\"inLanguage\":\"es\",\"potentialAction\":[{\"@type\":\"ReadAction\",\"target\":[\"https:\/\/gamalux.es\/servicios\/aviso-legal\/\"]}]},{\"@type\":\"BreadcrumbList\",\"@id\":\"https:\/\/gamalux.es\/servicios\/aviso-legal\/#breadcrumb\",\"itemListElement\":[{\"@type\":\"ListItem\",\"position\":1,\"name\":\"Portada\",\"item\":\"https:\/\/gamalux.es\/servicios\/\"},{\"@type\":\"ListItem\",\"position\":2,\"name\":\"Aviso legal\"}]},{\"@type\":\"WebSite\",\"@id\":\"https:\/\/gamalux.es\/servicios\/#website\",\"url\":\"https:\/\/gamalux.es\/servicios\/\",\"name\":\"Gamalux - Estanter\u00edas industriales\",\"description\":\"\",\"publisher\":{\"@id\":\"https:\/\/gamalux.es\/servicios\/#organization\"},\"potentialAction\":[{\"@type\":\"SearchAction\",\"target\":{\"@type\":\"EntryPoint\",\"urlTemplate\":\"https:\/\/gamalux.es\/servicios\/?s={search_term_string}\"},\"query-input\":{\"@type\":\"PropertyValueSpecification\",\"valueRequired\":true,\"valueName\":\"search_term_string\"}}],\"inLanguage\":\"es\"},{\"@type\":\"Organization\",\"@id\":\"https:\/\/gamalux.es\/servicios\/#organization\",\"name\":\"Gamalux - Estanter\u00edas industriales\",\"url\":\"https:\/\/gamalux.es\/servicios\/\",\"logo\":{\"@type\":\"ImageObject\",\"inLanguage\":\"es\",\"@id\":\"https:\/\/gamalux.es\/servicios\/#\/schema\/logo\/image\/\",\"url\":\"https:\/\/gamalux.es\/servicios\/wp-content\/uploads\/2024\/07\/gamalux.svg\",\"contentUrl\":\"https:\/\/gamalux.es\/servicios\/wp-content\/uploads\/2024\/07\/gamalux.svg\",\"width\":93,\"height\":90,\"caption\":\"Gamalux - Estanter\u00edas industriales\"},\"image\":{\"@id\":\"https:\/\/gamalux.es\/servicios\/#\/schema\/logo\/image\/\"}}]}<\/script>\n<!-- \/ Yoast SEO Premium plugin. -->","yoast_head_json":{"title":"Aviso legal | Gamalux estanter\u00edas","description":"Aviso legal de Gamalux Estanter\u00edas","robots":{"index":"index","follow":"follow","max-snippet":"max-snippet:-1","max-image-preview":"max-image-preview:large","max-video-preview":"max-video-preview:-1"},"canonical":"https:\/\/gamalux.es\/servicios\/aviso-legal\/","og_locale":"es_ES","og_type":"article","og_title":"Aviso legal","og_description":"Aviso legal de Gamalux Estanter\u00edas","og_url":"https:\/\/gamalux.es\/servicios\/aviso-legal\/","og_site_name":"Gamalux - Estanter\u00edas industriales","article_modified_time":"2025-02-07T12:30:28+00:00","twitter_card":"summary_large_image","twitter_misc":{"Tiempo de lectura":"6 minutos"},"schema":{"@context":"https:\/\/schema.org","@graph":[{"@type":"WebPage","@id":"https:\/\/gamalux.es\/servicios\/aviso-legal\/","url":"https:\/\/gamalux.es\/servicios\/aviso-legal\/","name":"Aviso legal | Gamalux estanter\u00edas","isPartOf":{"@id":"https:\/\/gamalux.es\/servicios\/#website"},"datePublished":"2024-08-05T12:47:51+00:00","dateModified":"2025-02-07T12:30:28+00:00","description":"Aviso legal de Gamalux Estanter\u00edas","breadcrumb":{"@id":"https:\/\/gamalux.es\/servicios\/aviso-legal\/#breadcrumb"},"inLanguage":"es","potentialAction":[{"@type":"ReadAction","target":["https:\/\/gamalux.es\/servicios\/aviso-legal\/"]}]},{"@type":"BreadcrumbList","@id":"https:\/\/gamalux.es\/servicios\/aviso-legal\/#breadcrumb","itemListElement":[{"@type":"ListItem","position":1,"name":"Portada","item":"https:\/\/gamalux.es\/servicios\/"},{"@type":"ListItem","position":2,"name":"Aviso legal"}]},{"@type":"WebSite","@id":"https:\/\/gamalux.es\/servicios\/#website","url":"https:\/\/gamalux.es\/servicios\/","name":"Gamalux - Estanter\u00edas industriales","description":"","publisher":{"@id":"https:\/\/gamalux.es\/servicios\/#organization"},"potentialAction":[{"@type":"SearchAction","target":{"@type":"EntryPoint","urlTemplate":"https:\/\/gamalux.es\/servicios\/?s={search_term_string}"},"query-input":{"@type":"PropertyValueSpecification","valueRequired":true,"valueName":"search_term_string"}}],"inLanguage":"es"},{"@type":"Organization","@id":"https:\/\/gamalux.es\/servicios\/#organization","name":"Gamalux - Estanter\u00edas industriales","url":"https:\/\/gamalux.es\/servicios\/","logo":{"@type":"ImageObject","inLanguage":"es","@id":"https:\/\/gamalux.es\/servicios\/#\/schema\/logo\/image\/","url":"https:\/\/gamalux.es\/servicios\/wp-content\/uploads\/2024\/07\/gamalux.svg","contentUrl":"https:\/\/gamalux.es\/servicios\/wp-content\/uploads\/2024\/07\/gamalux.svg","width":93,"height":90,"caption":"Gamalux - Estanter\u00edas industriales"},"image":{"@id":"https:\/\/gamalux.es\/servicios\/#\/schema\/logo\/image\/"}}]}},"_links":{"self":[{"href":"https:\/\/gamalux.es\/servicios\/wp-json\/wp\/v2\/pages\/1051","targetHints":{"allow":["GET"]}}],"collection":[{"href":"https:\/\/gamalux.es\/servicios\/wp-json\/wp\/v2\/pages"}],"about":[{"href":"https:\/\/gamalux.es\/servicios\/wp-json\/wp\/v2\/types\/page"}],"author":[{"embeddable":true,"href":"https:\/\/gamalux.es\/servicios\/wp-json\/wp\/v2\/users\/4"}],"replies":[{"embeddable":true,"href":"https:\/\/gamalux.es\/servicios\/wp-json\/wp\/v2\/comments?post=1051"}],"version-history":[{"count":1,"href":"https:\/\/gamalux.es\/servicios\/wp-json\/wp\/v2\/pages\/1051\/revisions"}],"predecessor-version":[{"id":2609,"href":"https:\/\/gamalux.es\/servicios\/wp-json\/wp\/v2\/pages\/1051\/revisions\/2609"}],"wp:attachment":[{"href":"https:\/\/gamalux.es\/servicios\/wp-json\/wp\/v2\/media?parent=1051"}],"curies":[{"name":"wp","href":"https:\/\/api.w.org\/{rel}","templated":true}]}}