{"id":1056,"date":"2024-08-05T14:52:18","date_gmt":"2024-08-05T12:52:18","guid":{"rendered":"https:\/\/gamalux.es\/servicios\/?page_id=1056"},"modified":"2025-02-07T14:03:47","modified_gmt":"2025-02-07T13:03:47","slug":"politica-de-privacidad","status":"publish","type":"page","link":"https:\/\/gamalux.es\/servicios\/politica-de-privacidad\/","title":{"rendered":"Pol\u00edtica de privacidad"},"content":{"rendered":"\t\t<div data-elementor-type=\"wp-page\" data-elementor-id=\"1056\" class=\"elementor elementor-1056\" data-elementor-post-type=\"page\">\n\t\t\t\t\t\t<section class=\"elementor-section elementor-top-section elementor-element elementor-element-3309e07 elementor-section-height-min-height elementor-section-boxed elementor-section-height-default elementor-section-items-middle\" data-id=\"3309e07\" data-element_type=\"section\" data-settings=\"{&quot;background_background&quot;:&quot;classic&quot;}\">\n\t\t\t\t\t\t\t<div class=\"elementor-background-overlay\"><\/div>\n\t\t\t\t\t\t\t<div class=\"elementor-container elementor-column-gap-default\">\n\t\t\t\t\t<div class=\"elementor-column elementor-col-100 elementor-top-column elementor-element elementor-element-6dba32d\" data-id=\"6dba32d\" data-element_type=\"column\">\n\t\t\t<div class=\"elementor-widget-wrap elementor-element-populated\">\n\t\t\t\t\t\t\t<\/div>\n\t\t<\/div>\n\t\t\t\t\t<\/div>\n\t\t<\/section>\n\t\t\t\t<section class=\"elementor-section elementor-top-section elementor-element elementor-element-5b8e53b elementor-section-boxed elementor-section-height-default elementor-section-height-default\" data-id=\"5b8e53b\" data-element_type=\"section\">\n\t\t\t\t\t\t<div class=\"elementor-container elementor-column-gap-default\">\n\t\t\t\t\t<div class=\"elementor-column elementor-col-100 elementor-top-column elementor-element elementor-element-88c04bb\" data-id=\"88c04bb\" data-element_type=\"column\">\n\t\t\t<div class=\"elementor-widget-wrap elementor-element-populated\">\n\t\t\t\t\t\t<div class=\"elementor-element elementor-element-204c43e elementor-widget elementor-widget-spacer\" data-id=\"204c43e\" data-element_type=\"widget\" data-widget_type=\"spacer.default\">\n\t\t\t\t<div class=\"elementor-widget-container\">\n\t\t\t\t\t\t\t<div class=\"elementor-spacer\">\n\t\t\t<div class=\"elementor-spacer-inner\"><\/div>\n\t\t<\/div>\n\t\t\t\t\t\t<\/div>\n\t\t\t\t<\/div>\n\t\t\t\t\t<\/div>\n\t\t<\/div>\n\t\t\t\t\t<\/div>\n\t\t<\/section>\n\t\t\t\t<section class=\"elementor-section elementor-top-section elementor-element elementor-element-7548887 elementor-section-boxed elementor-section-height-default elementor-section-height-default\" data-id=\"7548887\" data-element_type=\"section\">\n\t\t\t\t\t\t<div class=\"elementor-container elementor-column-gap-default\">\n\t\t\t\t\t<div class=\"elementor-column elementor-col-100 elementor-top-column elementor-element elementor-element-6427ccc\" data-id=\"6427ccc\" data-element_type=\"column\">\n\t\t\t<div class=\"elementor-widget-wrap elementor-element-populated\">\n\t\t\t\t\t\t<div class=\"elementor-element elementor-element-7446d3c elementor-widget elementor-widget-text-editor\" data-id=\"7446d3c\" data-element_type=\"widget\" data-widget_type=\"text-editor.default\">\n\t\t\t\t<div class=\"elementor-widget-container\">\n\t\t\t\t\t\t\t\t\t<p>En esta p\u00e1gina destacamos los aspectos m\u00e1s relevantes de nuestra Pol\u00edtica de privacidad y Protecci\u00f3n de datos de car\u00e1cter personal, basada en el cumplimiento del Reglamento General de Protecci\u00f3n de Datos (RGPD) 2016\/679 del Parlamento Europeo y del Consejo.<\/p><p><strong>\u00bfQU\u00c9 TIPO DE DATOS TRATAMOS Y CON QUE FINALIDAD?<\/strong><\/p><p>Gamalux no trata en ning\u00fan caso datos sensibles. Ni los solicitamos a los usuarios, ni los almacenamos en ning\u00fan tipo de soporte. El origen racial o \u00e9tnico, las opiniones pol\u00edticas, las creencias religiosas, la afiliaci\u00f3n sindical, datos gen\u00e9ticos o biom\u00e9tricos, de orientaci\u00f3n sexual o datos identificativos de la conducta de sus usuarios no constan en ninguno de nuestros registros.<\/p><p>La finalidad y los datos depende de cada acci\u00f3n solicitada:<\/p><p><strong>Clientes Web:<\/strong><\/p><p>Cuando compras un producto en nuestra tienda online, los datos que nos facilites ser\u00e1n utilizados para tramitar, enviar y facturar los productos adquiridos. Para poder realizar pedidos en la tienda on line, cada cliente proporciona de forma voluntaria y bajo su responsabilidad, sus datos de car\u00e1cter personal (nombre, apellidos, direcci\u00f3n, tel\u00e9fono, datos de facturaci\u00f3n y forma de pago) que deber\u00e1n ser veraces y exactos.<\/p><p><strong>Newsletter \/ Comunicaciones comerciales<\/strong><\/p><p>En los casos en los que nos otorgues tu consentimiento seg\u00fan lo previsto en el art\u00edculo 21 de la Ley de Servicios de la Sociedad de la Informaci\u00f3n, utilizaremos tus datos identificativos y de contacto para enviarte informaci\u00f3n sobre las novedades de la p\u00e1gina web, noticias de inter\u00e9s sobre el sector, as\u00ed como promociones y ofertas de nuestros productos y servicios.<\/p><p>La vigencia de las promociones que te enviemos pueden estar sujetas a la disponibilidad de los productos y a especificaciones m\u00e1s concretas sobre las mismas. Ante cualquier duda, te informaremos sobre las condiciones de las promociones a trav\u00e9s de nuestro Departamento de Atenci\u00f3n al Cliente.<\/p><p><strong>Formulario de contacto:<\/strong><\/p><p>Los datos personales que nos env\u00edas a trav\u00e9s del formulario de contacto se tratar\u00e1n \u00fanicamente para atender tu consulta. La informaci\u00f3n recabada se limita a datos identificativos y de contacto, as\u00ed como datos relacionados con la naturaleza de la petici\u00f3n que nos dirijas.<\/p><p>En cuanto a la informaci\u00f3n autom\u00e1tica de navegaci\u00f3n que recabamos, te recomendamos leer nuestra Pol\u00edtica de cookies.<\/p><p><strong>RESPONSABILIDAD DEL TRATAMIENTO<\/strong><\/p><p>El responsable del tratamiento de los datos recabados a trav\u00e9s del presente sitio web es ESTANTERIAS GAMALUX, S.L., con domicilio social en SEVILLA y CIF B91491258. Inscrita en el Registro Mercantil de Sevilla, Tomo 4285, Secci\u00f3n 8\u00aa, Hoja SE-65107;<\/p><p>Direcci\u00f3n: C\/Automoci\u00f3n, 18 &#8211; 41007 &#8211; Sevilla Tel: 954355889 Mail: info@gamalux.es<\/p><p>Como usuario, puedes contactar directamente con nuestro delegado de protecci\u00f3n de datos en info@gamalux.es, indicando en el asunto &#8216;Delegado de protecci\u00f3n de datos&#8217;.<\/p><p><strong>VERACIDAD DE LA INFORMACI\u00d3N.<\/strong><\/p><p>Los usuarios y\/o clientes responder\u00e1n, en cualquier caso, de la veracidad de los datos facilitados, siendo responsables de comunicar cualquier modificaci\u00f3n en los mismos, y quedando Gamalux exenta de cualquier tipo de responsabilidad a este respecto. Gamalux se reserva el derecho a excluir de los servicios registrados a todo usuario y\/o cliente que haya facilitado datos falsos, sin perjuicio de las dem\u00e1s acciones que procedan en Derecho.<\/p><p><strong>\u00bfCU\u00c1NTO TIEMPO CONSERVAMOS TU INFORMACI\u00d3N?<\/strong><\/p><p>Si eres cliente, guardaremos tu informaci\u00f3n econ\u00f3mica (facturas, asientos contables, etc.) al menos durante los plazos legales establecidos.<\/p><p>Como usuario del servicio de subscripci\u00f3n, conservaremos tus datos mientras la informaci\u00f3n que sea enviada a tu e-mail no indique ning\u00fan error en el env\u00edo. En cualquier caso, siempre podr\u00e1s ejercer tus derechos sobre cualquiera de tus datos contact\u00e1ndonos en info@gamalux.es o por v\u00eda postal.<\/p><p><strong>DESTINATARIOS DE LOS DATOS Y TRANSFERENCIAS INTERNACIONALES<\/strong><\/p><p>Todo el tratamiento de la informaci\u00f3n recabada a trav\u00e9s de nuestra web no implica transferencia internacional de datos. En relaci\u00f3n con los destinatarios de la informaci\u00f3n, te informamos que cuando realizas una compra on line que deba ser entregada en la direcci\u00f3n que nos indiques, en el paquete enviado se detallar\u00e1 tu nombre y apellidos, direcci\u00f3n de entrega y n\u00famero de tel\u00e9fono. Este \u00faltimo dato se incluir\u00e1 para permitir el contacto entre la empresa de transporte y el destinatario con el fin de facilitar el proceso de entrega.<\/p><p><strong>\u00bfCU\u00c1LES SON MIS DERECHOS COMO USUARIO?<\/strong><\/p><p>Los derechos que te garantizamos son los de:<\/p><ul><li>Acceso<\/li><li>Rectificaci\u00f3n<\/li><li>Supresi\u00f3n<\/li><li>Oposici\u00f3n<\/li><li>Limitaci\u00f3n del tratamiento<\/li><li>Portabilidad<\/li><\/ul><p><strong>\u00bfC\u00d3MO EJERCITO MIS DERECHOS?<\/strong><\/p><p>El ejercicio de algunos de estos derechos est\u00e1 disponible en la propia web, pues esta permite a cada usuario acceder a los datos propios, facilitados por \u00e9l mismo, y a su facturaci\u00f3n electr\u00f3nica. Tambi\u00e9n puedes contactar con nosotros siempre en info@gamalux.es o en la siguiente direcci\u00f3n postal:<\/p><p>ESTANTERIAS GAMALUX, S.L.<\/p><p>C\/Automoci\u00f3n, 18 &#8211; 41007 &#8211; Sevilla<\/p><p>Para ejercitar tus derechos, precisar\u00e1s enviarnos una copia de tu D.N.I. (o documento equivalente) y una direcci\u00f3n donde podamos confirmarte la recepci\u00f3n de tu solicitud y el tratamiento que hemos dado a la misma. El ejercicio de cualquiera de estos derechos ser\u00e1 gratuito.<\/p><p><strong>REDES SOCIALES<\/strong><\/p><p>A trav\u00e9s de nuestra p\u00e1gina web puede acceder a las redes sociales Facebook, Twitter o Youtube de acceso abierto a todos los usuarios. Se trata de sitios web donde el usuario puede registrase y seguirnos gratuitamente. En estas redes sociales los usuarios podr\u00e1n conocer de nuestras actividades, opiniones, acceder a las fotos y v\u00eddeos. Los usuarios de estas redes sociales deben ser conscientes de que este lugar es independiente de la web www.gamalux.es y est\u00e1 abierto, es decir, es visible para todos sus usuarios, y las pol\u00edticas de privacidad a aplicar a estos contenidos son las fijadas por Facebook, Twitter o Youtube. Gamalux no es titular de las redes sociales.<\/p>\t\t\t\t\t\t\t\t<\/div>\n\t\t\t\t<\/div>\n\t\t\t\t\t<\/div>\n\t\t<\/div>\n\t\t\t\t\t<\/div>\n\t\t<\/section>\n\t\t\t\t<section class=\"elementor-section elementor-top-section elementor-element elementor-element-4e00f2c elementor-section-boxed elementor-section-height-default elementor-section-height-default\" data-id=\"4e00f2c\" data-element_type=\"section\">\n\t\t\t\t\t\t<div class=\"elementor-container elementor-column-gap-default\">\n\t\t\t\t\t<div class=\"elementor-column elementor-col-100 elementor-top-column elementor-element elementor-element-9c9e936\" data-id=\"9c9e936\" data-element_type=\"column\">\n\t\t\t<div class=\"elementor-widget-wrap elementor-element-populated\">\n\t\t\t\t\t\t<div class=\"elementor-element elementor-element-a17150e elementor-widget elementor-widget-spacer\" data-id=\"a17150e\" data-element_type=\"widget\" data-widget_type=\"spacer.default\">\n\t\t\t\t<div class=\"elementor-widget-container\">\n\t\t\t\t\t\t\t<div class=\"elementor-spacer\">\n\t\t\t<div class=\"elementor-spacer-inner\"><\/div>\n\t\t<\/div>\n\t\t\t\t\t\t<\/div>\n\t\t\t\t<\/div>\n\t\t\t\t\t<\/div>\n\t\t<\/div>\n\t\t\t\t\t<\/div>\n\t\t<\/section>\n\t\t\t\t<\/div>\n\t\t","protected":false},"excerpt":{"rendered":"<p>En esta p\u00e1gina destacamos los aspectos m\u00e1s relevantes de nuestra Pol\u00edtica de privacidad y Protecci\u00f3n de datos de car\u00e1cter personal, basada en el cumplimiento del Reglamento General de Protecci\u00f3n de Datos (RGPD) 2016\/679 del Parlamento Europeo y del Consejo. \u00bfQU\u00c9 TIPO DE DATOS TRATAMOS Y CON QUE FINALIDAD? Gamalux no trata en ning\u00fan caso datos&hellip;<\/p>\n","protected":false},"author":4,"featured_media":0,"parent":0,"menu_order":0,"comment_status":"closed","ping_status":"closed","template":"","meta":{"_acf_changed":false,"footnotes":""},"class_list":["post-1056","page","type-page","status-publish","hentry"],"acf":[],"yoast_head":"<!-- This site is optimized with the Yoast SEO Premium plugin v23.9 (Yoast SEO v26.4) - https:\/\/yoast.com\/wordpress\/plugins\/seo\/ -->\n<title>Pol\u00edtica de privacidad | Gamalux<\/title>\n<meta name=\"description\" content=\"Conoce aqu\u00ed la pol\u00edtica de privacidad de Gamalux Estanter\u00edas\" \/>\n<meta name=\"robots\" content=\"index, follow, max-snippet:-1, max-image-preview:large, max-video-preview:-1\" \/>\n<link rel=\"canonical\" href=\"https:\/\/gamalux.es\/servicios\/politica-de-privacidad\/\" \/>\n<meta property=\"og:locale\" content=\"es_ES\" \/>\n<meta property=\"og:type\" content=\"article\" \/>\n<meta property=\"og:title\" content=\"Pol\u00edtica de privacidad\" \/>\n<meta property=\"og:description\" content=\"Conoce aqu\u00ed la pol\u00edtica de privacidad de Gamalux Estanter\u00edas\" \/>\n<meta property=\"og:url\" content=\"https:\/\/gamalux.es\/servicios\/politica-de-privacidad\/\" \/>\n<meta property=\"og:site_name\" content=\"Gamalux - Estanter\u00edas industriales\" \/>\n<meta property=\"article:modified_time\" content=\"2025-02-07T13:03:47+00:00\" \/>\n<meta name=\"twitter:card\" content=\"summary_large_image\" \/>\n<meta name=\"twitter:label1\" content=\"Tiempo de lectura\" \/>\n\t<meta name=\"twitter:data1\" content=\"5 minutos\" \/>\n<script type=\"application\/ld+json\" class=\"yoast-schema-graph\">{\"@context\":\"https:\/\/schema.org\",\"@graph\":[{\"@type\":\"WebPage\",\"@id\":\"https:\/\/gamalux.es\/servicios\/politica-de-privacidad\/\",\"url\":\"https:\/\/gamalux.es\/servicios\/politica-de-privacidad\/\",\"name\":\"Pol\u00edtica de privacidad | Gamalux\",\"isPartOf\":{\"@id\":\"https:\/\/gamalux.es\/servicios\/#website\"},\"datePublished\":\"2024-08-05T12:52:18+00:00\",\"dateModified\":\"2025-02-07T13:03:47+00:00\",\"description\":\"Conoce aqu\u00ed la pol\u00edtica de privacidad de Gamalux Estanter\u00edas\",\"breadcrumb\":{\"@id\":\"https:\/\/gamalux.es\/servicios\/politica-de-privacidad\/#breadcrumb\"},\"inLanguage\":\"es\",\"potentialAction\":[{\"@type\":\"ReadAction\",\"target\":[\"https:\/\/gamalux.es\/servicios\/politica-de-privacidad\/\"]}]},{\"@type\":\"BreadcrumbList\",\"@id\":\"https:\/\/gamalux.es\/servicios\/politica-de-privacidad\/#breadcrumb\",\"itemListElement\":[{\"@type\":\"ListItem\",\"position\":1,\"name\":\"Portada\",\"item\":\"https:\/\/gamalux.es\/servicios\/\"},{\"@type\":\"ListItem\",\"position\":2,\"name\":\"Pol\u00edtica de privacidad\"}]},{\"@type\":\"WebSite\",\"@id\":\"https:\/\/gamalux.es\/servicios\/#website\",\"url\":\"https:\/\/gamalux.es\/servicios\/\",\"name\":\"Gamalux - Estanter\u00edas industriales\",\"description\":\"\",\"publisher\":{\"@id\":\"https:\/\/gamalux.es\/servicios\/#organization\"},\"potentialAction\":[{\"@type\":\"SearchAction\",\"target\":{\"@type\":\"EntryPoint\",\"urlTemplate\":\"https:\/\/gamalux.es\/servicios\/?s={search_term_string}\"},\"query-input\":{\"@type\":\"PropertyValueSpecification\",\"valueRequired\":true,\"valueName\":\"search_term_string\"}}],\"inLanguage\":\"es\"},{\"@type\":\"Organization\",\"@id\":\"https:\/\/gamalux.es\/servicios\/#organization\",\"name\":\"Gamalux - Estanter\u00edas industriales\",\"url\":\"https:\/\/gamalux.es\/servicios\/\",\"logo\":{\"@type\":\"ImageObject\",\"inLanguage\":\"es\",\"@id\":\"https:\/\/gamalux.es\/servicios\/#\/schema\/logo\/image\/\",\"url\":\"https:\/\/gamalux.es\/servicios\/wp-content\/uploads\/2024\/07\/gamalux.svg\",\"contentUrl\":\"https:\/\/gamalux.es\/servicios\/wp-content\/uploads\/2024\/07\/gamalux.svg\",\"width\":93,\"height\":90,\"caption\":\"Gamalux - Estanter\u00edas industriales\"},\"image\":{\"@id\":\"https:\/\/gamalux.es\/servicios\/#\/schema\/logo\/image\/\"}}]}<\/script>\n<!-- \/ Yoast SEO Premium plugin. -->","yoast_head_json":{"title":"Pol\u00edtica de privacidad | Gamalux","description":"Conoce aqu\u00ed la pol\u00edtica de privacidad de Gamalux Estanter\u00edas","robots":{"index":"index","follow":"follow","max-snippet":"max-snippet:-1","max-image-preview":"max-image-preview:large","max-video-preview":"max-video-preview:-1"},"canonical":"https:\/\/gamalux.es\/servicios\/politica-de-privacidad\/","og_locale":"es_ES","og_type":"article","og_title":"Pol\u00edtica de privacidad","og_description":"Conoce aqu\u00ed la pol\u00edtica de privacidad de Gamalux Estanter\u00edas","og_url":"https:\/\/gamalux.es\/servicios\/politica-de-privacidad\/","og_site_name":"Gamalux - Estanter\u00edas industriales","article_modified_time":"2025-02-07T13:03:47+00:00","twitter_card":"summary_large_image","twitter_misc":{"Tiempo de lectura":"5 minutos"},"schema":{"@context":"https:\/\/schema.org","@graph":[{"@type":"WebPage","@id":"https:\/\/gamalux.es\/servicios\/politica-de-privacidad\/","url":"https:\/\/gamalux.es\/servicios\/politica-de-privacidad\/","name":"Pol\u00edtica de privacidad | Gamalux","isPartOf":{"@id":"https:\/\/gamalux.es\/servicios\/#website"},"datePublished":"2024-08-05T12:52:18+00:00","dateModified":"2025-02-07T13:03:47+00:00","description":"Conoce aqu\u00ed la pol\u00edtica de privacidad de Gamalux Estanter\u00edas","breadcrumb":{"@id":"https:\/\/gamalux.es\/servicios\/politica-de-privacidad\/#breadcrumb"},"inLanguage":"es","potentialAction":[{"@type":"ReadAction","target":["https:\/\/gamalux.es\/servicios\/politica-de-privacidad\/"]}]},{"@type":"BreadcrumbList","@id":"https:\/\/gamalux.es\/servicios\/politica-de-privacidad\/#breadcrumb","itemListElement":[{"@type":"ListItem","position":1,"name":"Portada","item":"https:\/\/gamalux.es\/servicios\/"},{"@type":"ListItem","position":2,"name":"Pol\u00edtica de privacidad"}]},{"@type":"WebSite","@id":"https:\/\/gamalux.es\/servicios\/#website","url":"https:\/\/gamalux.es\/servicios\/","name":"Gamalux - Estanter\u00edas industriales","description":"","publisher":{"@id":"https:\/\/gamalux.es\/servicios\/#organization"},"potentialAction":[{"@type":"SearchAction","target":{"@type":"EntryPoint","urlTemplate":"https:\/\/gamalux.es\/servicios\/?s={search_term_string}"},"query-input":{"@type":"PropertyValueSpecification","valueRequired":true,"valueName":"search_term_string"}}],"inLanguage":"es"},{"@type":"Organization","@id":"https:\/\/gamalux.es\/servicios\/#organization","name":"Gamalux - Estanter\u00edas industriales","url":"https:\/\/gamalux.es\/servicios\/","logo":{"@type":"ImageObject","inLanguage":"es","@id":"https:\/\/gamalux.es\/servicios\/#\/schema\/logo\/image\/","url":"https:\/\/gamalux.es\/servicios\/wp-content\/uploads\/2024\/07\/gamalux.svg","contentUrl":"https:\/\/gamalux.es\/servicios\/wp-content\/uploads\/2024\/07\/gamalux.svg","width":93,"height":90,"caption":"Gamalux - Estanter\u00edas industriales"},"image":{"@id":"https:\/\/gamalux.es\/servicios\/#\/schema\/logo\/image\/"}}]}},"_links":{"self":[{"href":"https:\/\/gamalux.es\/servicios\/wp-json\/wp\/v2\/pages\/1056","targetHints":{"allow":["GET"]}}],"collection":[{"href":"https:\/\/gamalux.es\/servicios\/wp-json\/wp\/v2\/pages"}],"about":[{"href":"https:\/\/gamalux.es\/servicios\/wp-json\/wp\/v2\/types\/page"}],"author":[{"embeddable":true,"href":"https:\/\/gamalux.es\/servicios\/wp-json\/wp\/v2\/users\/4"}],"replies":[{"embeddable":true,"href":"https:\/\/gamalux.es\/servicios\/wp-json\/wp\/v2\/comments?post=1056"}],"version-history":[{"count":1,"href":"https:\/\/gamalux.es\/servicios\/wp-json\/wp\/v2\/pages\/1056\/revisions"}],"predecessor-version":[{"id":2623,"href":"https:\/\/gamalux.es\/servicios\/wp-json\/wp\/v2\/pages\/1056\/revisions\/2623"}],"wp:attachment":[{"href":"https:\/\/gamalux.es\/servicios\/wp-json\/wp\/v2\/media?parent=1056"}],"curies":[{"name":"wp","href":"https:\/\/api.w.org\/{rel}","templated":true}]}}