{"id":935,"date":"2024-08-02T14:01:58","date_gmt":"2024-08-02T12:01:58","guid":{"rendered":"https:\/\/gamalux.es\/servicios\/?page_id=935"},"modified":"2025-02-07T13:00:45","modified_gmt":"2025-02-07T12:00:45","slug":"estanterias-portabobinas","status":"publish","type":"page","link":"https:\/\/gamalux.es\/servicios\/estanterias-portabobinas\/","title":{"rendered":"Estanter\u00edas portabobinas"},"content":{"rendered":"\t\t<div data-elementor-type=\"wp-page\" data-elementor-id=\"935\" class=\"elementor elementor-935\" data-elementor-post-type=\"page\">\n\t\t\t\t\t\t<section class=\"elementor-section elementor-top-section elementor-element elementor-element-d054cb1 elementor-section-height-min-height elementor-section-boxed elementor-section-height-default elementor-section-items-middle\" data-id=\"d054cb1\" data-element_type=\"section\" data-settings=\"{&quot;background_background&quot;:&quot;classic&quot;}\">\n\t\t\t\t\t\t\t<div class=\"elementor-background-overlay\"><\/div>\n\t\t\t\t\t\t\t<div class=\"elementor-container elementor-column-gap-default\">\n\t\t\t\t\t<div class=\"elementor-column elementor-col-100 elementor-top-column elementor-element elementor-element-159eac7\" data-id=\"159eac7\" data-element_type=\"column\">\n\t\t\t<div class=\"elementor-widget-wrap elementor-element-populated\">\n\t\t\t\t\t\t\t<\/div>\n\t\t<\/div>\n\t\t\t\t\t<\/div>\n\t\t<\/section>\n\t\t\t\t<section class=\"elementor-section elementor-top-section elementor-element elementor-element-5b8e53b elementor-section-boxed elementor-section-height-default elementor-section-height-default\" data-id=\"5b8e53b\" data-element_type=\"section\">\n\t\t\t\t\t\t<div class=\"elementor-container elementor-column-gap-default\">\n\t\t\t\t\t<div class=\"elementor-column elementor-col-100 elementor-top-column elementor-element elementor-element-88c04bb\" data-id=\"88c04bb\" data-element_type=\"column\">\n\t\t\t<div class=\"elementor-widget-wrap elementor-element-populated\">\n\t\t\t\t\t\t<div class=\"elementor-element elementor-element-204c43e elementor-widget elementor-widget-spacer\" data-id=\"204c43e\" data-element_type=\"widget\" data-widget_type=\"spacer.default\">\n\t\t\t\t<div class=\"elementor-widget-container\">\n\t\t\t\t\t\t\t<div class=\"elementor-spacer\">\n\t\t\t<div class=\"elementor-spacer-inner\"><\/div>\n\t\t<\/div>\n\t\t\t\t\t\t<\/div>\n\t\t\t\t<\/div>\n\t\t\t\t\t<\/div>\n\t\t<\/div>\n\t\t\t\t\t<\/div>\n\t\t<\/section>\n\t\t\t\t<section class=\"elementor-section elementor-top-section elementor-element elementor-element-4cc8410 elementor-section-content-middle elementor-section-boxed elementor-section-height-default elementor-section-height-default\" data-id=\"4cc8410\" data-element_type=\"section\">\n\t\t\t\t\t\t<div class=\"elementor-container elementor-column-gap-default\">\n\t\t\t\t\t<div class=\"elementor-column elementor-col-50 elementor-top-column elementor-element elementor-element-b4bdc42\" data-id=\"b4bdc42\" data-element_type=\"column\">\n\t\t\t<div class=\"elementor-widget-wrap elementor-element-populated\">\n\t\t\t\t\t\t<div class=\"elementor-element elementor-element-31f7bf9 elementor-invisible elementor-widget elementor-widget-image\" data-id=\"31f7bf9\" data-element_type=\"widget\" data-settings=\"{&quot;_animation&quot;:&quot;fadeInLeft&quot;}\" data-widget_type=\"image.default\">\n\t\t\t\t<div class=\"elementor-widget-container\">\n\t\t\t\t\t\t\t\t\t\t\t\t\t\t\t<img fetchpriority=\"high\" decoding=\"async\" width=\"1245\" height=\"840\" src=\"https:\/\/gamalux.es\/servicios\/wp-content\/uploads\/2024\/08\/estanterias-portabobinas-04.jpg\" class=\"attachment-full size-full wp-image-945\" alt=\"\" srcset=\"https:\/\/gamalux.es\/servicios\/wp-content\/uploads\/2024\/08\/estanterias-portabobinas-04.jpg 1245w, https:\/\/gamalux.es\/servicios\/wp-content\/uploads\/2024\/08\/estanterias-portabobinas-04-300x202.jpg 300w, https:\/\/gamalux.es\/servicios\/wp-content\/uploads\/2024\/08\/estanterias-portabobinas-04-1024x691.jpg 1024w, https:\/\/gamalux.es\/servicios\/wp-content\/uploads\/2024\/08\/estanterias-portabobinas-04-768x518.jpg 768w\" sizes=\"(max-width: 1245px) 100vw, 1245px\" \/>\t\t\t\t\t\t\t\t\t\t\t\t\t\t\t<\/div>\n\t\t\t\t<\/div>\n\t\t\t\t\t<\/div>\n\t\t<\/div>\n\t\t\t\t<div class=\"elementor-column elementor-col-50 elementor-top-column elementor-element elementor-element-198fcf3\" data-id=\"198fcf3\" data-element_type=\"column\">\n\t\t\t<div class=\"elementor-widget-wrap elementor-element-populated\">\n\t\t\t\t\t\t<div class=\"elementor-element elementor-element-cb2ac9c elementor-widget elementor-widget-heading\" data-id=\"cb2ac9c\" data-element_type=\"widget\" data-widget_type=\"heading.default\">\n\t\t\t\t<div class=\"elementor-widget-container\">\n\t\t\t\t\t<p class=\"elementor-heading-title elementor-size-default\">grandes cargas<\/p>\t\t\t\t<\/div>\n\t\t\t\t<\/div>\n\t\t\t\t<div class=\"elementor-element elementor-element-d5c64a0 elementor-widget elementor-widget-heading\" data-id=\"d5c64a0\" data-element_type=\"widget\" data-widget_type=\"heading.default\">\n\t\t\t\t<div class=\"elementor-widget-container\">\n\t\t\t\t\t<h2 class=\"elementor-heading-title elementor-size-default\">Estanter\u00edas portabobinas<\/h2>\t\t\t\t<\/div>\n\t\t\t\t<\/div>\n\t\t\t\t<div class=\"elementor-element elementor-element-f2c56fd elementor-widget elementor-widget-text-editor\" data-id=\"f2c56fd\" data-element_type=\"widget\" data-widget_type=\"text-editor.default\">\n\t\t\t\t<div class=\"elementor-widget-container\">\n\t\t\t\t\t\t\t\t\t<p><span style=\"font-weight: 400;\">En Gamalux, hemos desarrollado una soluci\u00f3n avanzada de almacenamiento para mercanc\u00edas pesadas en formato cil\u00edndrico con eje central.<\/span><\/p><p><span style=\"font-weight: 400;\">Las m\u00e9nsulas, dise\u00f1adas para posicionar las barras met\u00e1licas que act\u00faan como ejes de las bobinas, garantizan un almacenamiento seguro y ordenado. Estas estanter\u00edas se pueden instalar adosadas a las paredes o en lineales dobles para optimizar el espacio en el almac\u00e9n.<\/span><\/p>\t\t\t\t\t\t\t\t<\/div>\n\t\t\t\t<\/div>\n\t\t\t\t\t<\/div>\n\t\t<\/div>\n\t\t\t\t\t<\/div>\n\t\t<\/section>\n\t\t\t\t<section class=\"elementor-section elementor-top-section elementor-element elementor-element-0d0c850 elementor-section-boxed elementor-section-height-default elementor-section-height-default\" data-id=\"0d0c850\" data-element_type=\"section\">\n\t\t\t\t\t\t<div class=\"elementor-container elementor-column-gap-default\">\n\t\t\t\t\t<div class=\"elementor-column elementor-col-100 elementor-top-column elementor-element elementor-element-a19a328\" data-id=\"a19a328\" data-element_type=\"column\">\n\t\t\t<div class=\"elementor-widget-wrap elementor-element-populated\">\n\t\t\t\t\t\t<div class=\"elementor-element elementor-element-de7726e elementor-widget elementor-widget-spacer\" data-id=\"de7726e\" data-element_type=\"widget\" data-widget_type=\"spacer.default\">\n\t\t\t\t<div class=\"elementor-widget-container\">\n\t\t\t\t\t\t\t<div class=\"elementor-spacer\">\n\t\t\t<div class=\"elementor-spacer-inner\"><\/div>\n\t\t<\/div>\n\t\t\t\t\t\t<\/div>\n\t\t\t\t<\/div>\n\t\t\t\t\t<\/div>\n\t\t<\/div>\n\t\t\t\t\t<\/div>\n\t\t<\/section>\n\t\t\t\t<section class=\"elementor-section elementor-top-section elementor-element elementor-element-b7c67f5 elementor-reverse-mobile elementor-section-boxed elementor-section-height-default elementor-section-height-default\" data-id=\"b7c67f5\" data-element_type=\"section\">\n\t\t\t\t\t\t<div class=\"elementor-container elementor-column-gap-default\">\n\t\t\t\t\t<div class=\"elementor-column elementor-col-50 elementor-top-column elementor-element elementor-element-5adc146\" data-id=\"5adc146\" data-element_type=\"column\">\n\t\t\t<div class=\"elementor-widget-wrap elementor-element-populated\">\n\t\t\t\t\t\t<div class=\"elementor-element elementor-element-4026469 elementor-widget elementor-widget-heading\" data-id=\"4026469\" data-element_type=\"widget\" data-widget_type=\"heading.default\">\n\t\t\t\t<div class=\"elementor-widget-container\">\n\t\t\t\t\t<h2 class=\"elementor-heading-title elementor-size-default\">Funcionalidades de las estanter\u00edas portabobinas<\/h2>\t\t\t\t<\/div>\n\t\t\t\t<\/div>\n\t\t\t\t<div class=\"elementor-element elementor-element-c28711b elementor-widget elementor-widget-text-editor\" data-id=\"c28711b\" data-element_type=\"widget\" data-widget_type=\"text-editor.default\">\n\t\t\t\t<div class=\"elementor-widget-container\">\n\t\t\t\t\t\t\t\t\t<p><span style=\"font-weight: 400;\">Estas estanter\u00edas son ideales para bobinas, carretes de cables, tubos y rollos de papel, nuestras estanter\u00edas portabobinas cuentan con robustos bastidores conectados mediante largueros.<\/span><\/p>\t\t\t\t\t\t\t\t<\/div>\n\t\t\t\t<\/div>\n\t\t\t\t\t<\/div>\n\t\t<\/div>\n\t\t\t\t<div class=\"elementor-column elementor-col-50 elementor-top-column elementor-element elementor-element-90007ba\" data-id=\"90007ba\" data-element_type=\"column\" data-settings=\"{&quot;background_background&quot;:&quot;classic&quot;}\">\n\t\t\t<div class=\"elementor-widget-wrap elementor-element-populated\">\n\t\t\t\t\t<div class=\"elementor-background-overlay\"><\/div>\n\t\t\t\t\t\t<div class=\"elementor-element elementor-element-5669044 uael-img-grid__column-3 uael-img-grid-tablet__column-3 uael-img-grid-mobile__column-2 uael-ins-normal elementor-widget elementor-widget-uael-image-gallery\" data-id=\"5669044\" data-element_type=\"widget\" data-settings=\"{&quot;gallery_columns&quot;:&quot;3&quot;,&quot;column_gap&quot;:{&quot;unit&quot;:&quot;px&quot;,&quot;size&quot;:10,&quot;sizes&quot;:[]},&quot;row_gap&quot;:{&quot;unit&quot;:&quot;px&quot;,&quot;size&quot;:10,&quot;sizes&quot;:[]},&quot;gallery_columns_tablet&quot;:&quot;3&quot;,&quot;gallery_columns_mobile&quot;:&quot;2&quot;,&quot;column_gap_tablet&quot;:{&quot;unit&quot;:&quot;px&quot;,&quot;size&quot;:&quot;&quot;,&quot;sizes&quot;:[]},&quot;column_gap_mobile&quot;:{&quot;unit&quot;:&quot;px&quot;,&quot;size&quot;:&quot;&quot;,&quot;sizes&quot;:[]},&quot;row_gap_tablet&quot;:{&quot;unit&quot;:&quot;px&quot;,&quot;size&quot;:&quot;&quot;,&quot;sizes&quot;:[]},&quot;row_gap_mobile&quot;:{&quot;unit&quot;:&quot;px&quot;,&quot;size&quot;:&quot;&quot;,&quot;sizes&quot;:[]}}\" data-widget_type=\"uael-image-gallery.default\">\n\t\t\t\t<div class=\"elementor-widget-container\">\n\t\t\t\t\t<div class=\"uael-gallery-parent uael-caption- uael-gallery-unjustified\"><div class=\"uael-img-gallery-wrap uael-img-masonry-wrap uael-img-grid-masonry-wrap uael-masonry uael-image-lightbox-wrap\" data-filter-default=\"All\" data-lightbox_actions=\"[&quot;close&quot;]\" data-lightbox-gallery-loop=\"\"><div class=\"uael-grid-item  uael-img-gallery-item-2\"><div class=\"uael-grid-item-content\"><a class=\"uael-grid-img uael-grid-gallery-img uael-ins-hover elementor-clickable\" data-fancybox=\"uael-gallery\" href=\"https:\/\/gamalux.es\/servicios\/wp-content\/uploads\/2024\/08\/estanterias-portabobinas-02.jpg\" data-elementor-open-lightbox=\"no\"><div class=\"uael-grid-img-thumbnail uael-ins-target\"><img decoding=\"async\" width=\"1125\" height=\"1500\" src=\"https:\/\/gamalux.es\/servicios\/wp-content\/uploads\/2024\/08\/estanterias-portabobinas-02.jpg\" class=\"attachment-full size-full wp-image-943\" alt=\"\" srcset=\"https:\/\/gamalux.es\/servicios\/wp-content\/uploads\/2024\/08\/estanterias-portabobinas-02.jpg 1125w, https:\/\/gamalux.es\/servicios\/wp-content\/uploads\/2024\/08\/estanterias-portabobinas-02-225x300.jpg 225w, https:\/\/gamalux.es\/servicios\/wp-content\/uploads\/2024\/08\/estanterias-portabobinas-02-768x1024.jpg 768w\" sizes=\"(max-width: 1125px) 100vw, 1125px\" \/><\/div><div class=\"uael-grid-img-overlay\"><\/div><\/a><\/div><\/div><div class=\"uael-grid-item  uael-img-gallery-item-1\"><div class=\"uael-grid-item-content\"><a class=\"uael-grid-img uael-grid-gallery-img uael-ins-hover elementor-clickable\" data-fancybox=\"uael-gallery\" href=\"https:\/\/gamalux.es\/servicios\/wp-content\/uploads\/2024\/08\/estanterias-portabobinas-03.jpg\" data-elementor-open-lightbox=\"no\"><div class=\"uael-grid-img-thumbnail uael-ins-target\"><img decoding=\"async\" width=\"1125\" height=\"1500\" src=\"https:\/\/gamalux.es\/servicios\/wp-content\/uploads\/2024\/08\/estanterias-portabobinas-03.jpg\" class=\"attachment-full size-full wp-image-944\" alt=\"\" srcset=\"https:\/\/gamalux.es\/servicios\/wp-content\/uploads\/2024\/08\/estanterias-portabobinas-03.jpg 1125w, https:\/\/gamalux.es\/servicios\/wp-content\/uploads\/2024\/08\/estanterias-portabobinas-03-225x300.jpg 225w, https:\/\/gamalux.es\/servicios\/wp-content\/uploads\/2024\/08\/estanterias-portabobinas-03-768x1024.jpg 768w\" sizes=\"(max-width: 1125px) 100vw, 1125px\" \/><\/div><div class=\"uael-grid-img-overlay\"><\/div><\/a><\/div><\/div><div class=\"uael-grid-item  uael-img-gallery-item-3\"><div class=\"uael-grid-item-content\"><a class=\"uael-grid-img uael-grid-gallery-img uael-ins-hover elementor-clickable\" data-fancybox=\"uael-gallery\" href=\"https:\/\/gamalux.es\/servicios\/wp-content\/uploads\/2024\/08\/estanterias-portabobinas-01.jpg\" data-elementor-open-lightbox=\"no\"><div class=\"uael-grid-img-thumbnail uael-ins-target\"><img loading=\"lazy\" decoding=\"async\" width=\"1125\" height=\"1500\" src=\"https:\/\/gamalux.es\/servicios\/wp-content\/uploads\/2024\/08\/estanterias-portabobinas-01.jpg\" class=\"attachment-full size-full wp-image-942\" alt=\"\" srcset=\"https:\/\/gamalux.es\/servicios\/wp-content\/uploads\/2024\/08\/estanterias-portabobinas-01.jpg 1125w, https:\/\/gamalux.es\/servicios\/wp-content\/uploads\/2024\/08\/estanterias-portabobinas-01-225x300.jpg 225w, https:\/\/gamalux.es\/servicios\/wp-content\/uploads\/2024\/08\/estanterias-portabobinas-01-768x1024.jpg 768w\" sizes=\"(max-width: 1125px) 100vw, 1125px\" \/><\/div><div class=\"uael-grid-img-overlay\"><\/div><\/a><\/div><\/div><\/div><\/div>\t\t\t\t<\/div>\n\t\t\t\t<\/div>\n\t\t\t\t\t<\/div>\n\t\t<\/div>\n\t\t\t\t\t<\/div>\n\t\t<\/section>\n\t\t\t\t<section class=\"elementor-section elementor-top-section elementor-element elementor-element-b4caa9c elementor-section-boxed elementor-section-height-default elementor-section-height-default\" data-id=\"b4caa9c\" data-element_type=\"section\">\n\t\t\t\t\t\t<div class=\"elementor-container elementor-column-gap-default\">\n\t\t\t\t\t<div class=\"elementor-column elementor-col-100 elementor-top-column elementor-element elementor-element-78bd6de\" data-id=\"78bd6de\" data-element_type=\"column\">\n\t\t\t<div class=\"elementor-widget-wrap elementor-element-populated\">\n\t\t\t\t\t\t<div class=\"elementor-element elementor-element-7672077 elementor-widget elementor-widget-spacer\" data-id=\"7672077\" data-element_type=\"widget\" data-widget_type=\"spacer.default\">\n\t\t\t\t<div class=\"elementor-widget-container\">\n\t\t\t\t\t\t\t<div class=\"elementor-spacer\">\n\t\t\t<div class=\"elementor-spacer-inner\"><\/div>\n\t\t<\/div>\n\t\t\t\t\t\t<\/div>\n\t\t\t\t<\/div>\n\t\t\t\t\t<\/div>\n\t\t<\/div>\n\t\t\t\t\t<\/div>\n\t\t<\/section>\n\t\t\t\t<section class=\"elementor-section elementor-top-section elementor-element elementor-element-b34ccf5 elementor-section-boxed elementor-section-height-default elementor-section-height-default\" data-id=\"b34ccf5\" data-element_type=\"section\" data-settings=\"{&quot;background_background&quot;:&quot;classic&quot;}\">\n\t\t\t\t\t\t<div class=\"elementor-container elementor-column-gap-default\">\n\t\t\t\t\t<div class=\"elementor-column elementor-col-50 elementor-top-column elementor-element elementor-element-998b8c7\" data-id=\"998b8c7\" data-element_type=\"column\">\n\t\t\t<div class=\"elementor-widget-wrap elementor-element-populated\">\n\t\t\t\t\t\t<div class=\"elementor-element elementor-element-920ff17 elementor-widget elementor-widget-heading\" data-id=\"920ff17\" data-element_type=\"widget\" data-widget_type=\"heading.default\">\n\t\t\t\t<div class=\"elementor-widget-container\">\n\t\t\t\t\t<h5 class=\"elementor-heading-title elementor-size-default\">En Gamalux, nos comprometemos a ofrecer soluciones de almacenamiento que se adapten a las necesidades espec\u00edficas de su operaci\u00f3n log\u00edstica, mejorando la eficiencia y la organizaci\u00f3n de su almac\u00e9n. <\/h5>\t\t\t\t<\/div>\n\t\t\t\t<\/div>\n\t\t\t\t\t<\/div>\n\t\t<\/div>\n\t\t\t\t<div class=\"elementor-column elementor-col-50 elementor-top-column elementor-element elementor-element-8d305e8\" data-id=\"8d305e8\" data-element_type=\"column\">\n\t\t\t<div class=\"elementor-widget-wrap elementor-element-populated\">\n\t\t\t\t\t\t<div class=\"elementor-element elementor-element-7106f0d elementor-widget elementor-widget-heading\" data-id=\"7106f0d\" data-element_type=\"widget\" data-widget_type=\"heading.default\">\n\t\t\t\t<div class=\"elementor-widget-container\">\n\t\t\t\t\t<h5 class=\"elementor-heading-title elementor-size-default\">Nuestras estanter\u00edas portabobinas son una muestra de c\u00f3mo combinamos dise\u00f1o y funcionalidad para proporcionar las mejores soluciones del mercado<\/h5>\t\t\t\t<\/div>\n\t\t\t\t<\/div>\n\t\t\t\t\t<\/div>\n\t\t<\/div>\n\t\t\t\t\t<\/div>\n\t\t<\/section>\n\t\t\t\t<\/div>\n\t\t","protected":false},"excerpt":{"rendered":"<p>grandes cargas Estanter\u00edas portabobinas En Gamalux, hemos desarrollado una soluci\u00f3n avanzada de almacenamiento para mercanc\u00edas pesadas en formato cil\u00edndrico con eje central. Las m\u00e9nsulas, dise\u00f1adas para posicionar las barras met\u00e1licas que act\u00faan como ejes de las bobinas, garantizan un almacenamiento seguro y ordenado. Estas estanter\u00edas se pueden instalar adosadas a las paredes o en lineales&hellip;<\/p>\n","protected":false},"author":4,"featured_media":0,"parent":0,"menu_order":0,"comment_status":"closed","ping_status":"closed","template":"","meta":{"_acf_changed":false,"footnotes":""},"class_list":["post-935","page","type-page","status-publish","hentry"],"acf":[],"yoast_head":"<!-- This site is optimized with the Yoast SEO Premium plugin v23.9 (Yoast SEO v26.4) - https:\/\/yoast.com\/wordpress\/plugins\/seo\/ -->\n<title>Estanter\u00edas portabobinas para almacenes y naves industriales<\/title>\n<meta name=\"description\" content=\"Dise\u00f1o e instalaci\u00f3n de estanter\u00edas portabobinas para almacenes y naves industriales de Sevilla, Huelva, C\u00e1diz, C\u00f3rdoba y Badajoz\" \/>\n<meta name=\"robots\" content=\"index, follow, max-snippet:-1, max-image-preview:large, max-video-preview:-1\" \/>\n<link rel=\"canonical\" href=\"https:\/\/gamalux.es\/servicios\/estanterias-portabobinas\/\" \/>\n<meta property=\"og:locale\" content=\"es_ES\" \/>\n<meta property=\"og:type\" content=\"article\" \/>\n<meta property=\"og:title\" content=\"Estanter\u00edas portabobinas\" \/>\n<meta property=\"og:description\" content=\"Dise\u00f1o e instalaci\u00f3n de estanter\u00edas portabobinas para almacenes y naves industriales de Sevilla, Huelva, C\u00e1diz, C\u00f3rdoba y Badajoz\" \/>\n<meta property=\"og:url\" content=\"https:\/\/gamalux.es\/servicios\/estanterias-portabobinas\/\" \/>\n<meta property=\"og:site_name\" content=\"Gamalux - Estanter\u00edas industriales\" \/>\n<meta property=\"article:modified_time\" content=\"2025-02-07T12:00:45+00:00\" \/>\n<meta property=\"og:image\" content=\"https:\/\/gamalux.es\/servicios\/wp-content\/uploads\/2024\/08\/estanterias-portabobinas-04.jpg\" \/>\n<meta name=\"twitter:card\" content=\"summary_large_image\" \/>\n<meta name=\"twitter:label1\" content=\"Tiempo de lectura\" \/>\n\t<meta name=\"twitter:data1\" content=\"2 minutos\" \/>\n<script type=\"application\/ld+json\" class=\"yoast-schema-graph\">{\"@context\":\"https:\/\/schema.org\",\"@graph\":[{\"@type\":\"WebPage\",\"@id\":\"https:\/\/gamalux.es\/servicios\/estanterias-portabobinas\/\",\"url\":\"https:\/\/gamalux.es\/servicios\/estanterias-portabobinas\/\",\"name\":\"Estanter\u00edas portabobinas para almacenes y naves industriales\",\"isPartOf\":{\"@id\":\"https:\/\/gamalux.es\/servicios\/#website\"},\"primaryImageOfPage\":{\"@id\":\"https:\/\/gamalux.es\/servicios\/estanterias-portabobinas\/#primaryimage\"},\"image\":{\"@id\":\"https:\/\/gamalux.es\/servicios\/estanterias-portabobinas\/#primaryimage\"},\"thumbnailUrl\":\"https:\/\/gamalux.es\/servicios\/wp-content\/uploads\/2024\/08\/estanterias-portabobinas-04.jpg\",\"datePublished\":\"2024-08-02T12:01:58+00:00\",\"dateModified\":\"2025-02-07T12:00:45+00:00\",\"description\":\"Dise\u00f1o e instalaci\u00f3n de estanter\u00edas portabobinas para almacenes y naves industriales de Sevilla, Huelva, C\u00e1diz, C\u00f3rdoba y Badajoz\",\"breadcrumb\":{\"@id\":\"https:\/\/gamalux.es\/servicios\/estanterias-portabobinas\/#breadcrumb\"},\"inLanguage\":\"es\",\"potentialAction\":[{\"@type\":\"ReadAction\",\"target\":[\"https:\/\/gamalux.es\/servicios\/estanterias-portabobinas\/\"]}]},{\"@type\":\"ImageObject\",\"inLanguage\":\"es\",\"@id\":\"https:\/\/gamalux.es\/servicios\/estanterias-portabobinas\/#primaryimage\",\"url\":\"https:\/\/gamalux.es\/servicios\/wp-content\/uploads\/2024\/08\/estanterias-portabobinas-04.jpg\",\"contentUrl\":\"https:\/\/gamalux.es\/servicios\/wp-content\/uploads\/2024\/08\/estanterias-portabobinas-04.jpg\",\"width\":1245,\"height\":840},{\"@type\":\"BreadcrumbList\",\"@id\":\"https:\/\/gamalux.es\/servicios\/estanterias-portabobinas\/#breadcrumb\",\"itemListElement\":[{\"@type\":\"ListItem\",\"position\":1,\"name\":\"Portada\",\"item\":\"https:\/\/gamalux.es\/servicios\/\"},{\"@type\":\"ListItem\",\"position\":2,\"name\":\"Estanter\u00edas portabobinas\"}]},{\"@type\":\"WebSite\",\"@id\":\"https:\/\/gamalux.es\/servicios\/#website\",\"url\":\"https:\/\/gamalux.es\/servicios\/\",\"name\":\"Gamalux - Estanter\u00edas industriales\",\"description\":\"\",\"publisher\":{\"@id\":\"https:\/\/gamalux.es\/servicios\/#organization\"},\"potentialAction\":[{\"@type\":\"SearchAction\",\"target\":{\"@type\":\"EntryPoint\",\"urlTemplate\":\"https:\/\/gamalux.es\/servicios\/?s={search_term_string}\"},\"query-input\":{\"@type\":\"PropertyValueSpecification\",\"valueRequired\":true,\"valueName\":\"search_term_string\"}}],\"inLanguage\":\"es\"},{\"@type\":\"Organization\",\"@id\":\"https:\/\/gamalux.es\/servicios\/#organization\",\"name\":\"Gamalux - Estanter\u00edas industriales\",\"url\":\"https:\/\/gamalux.es\/servicios\/\",\"logo\":{\"@type\":\"ImageObject\",\"inLanguage\":\"es\",\"@id\":\"https:\/\/gamalux.es\/servicios\/#\/schema\/logo\/image\/\",\"url\":\"https:\/\/gamalux.es\/servicios\/wp-content\/uploads\/2024\/07\/gamalux.svg\",\"contentUrl\":\"https:\/\/gamalux.es\/servicios\/wp-content\/uploads\/2024\/07\/gamalux.svg\",\"width\":93,\"height\":90,\"caption\":\"Gamalux - Estanter\u00edas industriales\"},\"image\":{\"@id\":\"https:\/\/gamalux.es\/servicios\/#\/schema\/logo\/image\/\"}}]}<\/script>\n<!-- \/ Yoast SEO Premium plugin. -->","yoast_head_json":{"title":"Estanter\u00edas portabobinas para almacenes y naves industriales","description":"Dise\u00f1o e instalaci\u00f3n de estanter\u00edas portabobinas para almacenes y naves industriales de Sevilla, Huelva, C\u00e1diz, C\u00f3rdoba y Badajoz","robots":{"index":"index","follow":"follow","max-snippet":"max-snippet:-1","max-image-preview":"max-image-preview:large","max-video-preview":"max-video-preview:-1"},"canonical":"https:\/\/gamalux.es\/servicios\/estanterias-portabobinas\/","og_locale":"es_ES","og_type":"article","og_title":"Estanter\u00edas portabobinas","og_description":"Dise\u00f1o e instalaci\u00f3n de estanter\u00edas portabobinas para almacenes y naves industriales de Sevilla, Huelva, C\u00e1diz, C\u00f3rdoba y Badajoz","og_url":"https:\/\/gamalux.es\/servicios\/estanterias-portabobinas\/","og_site_name":"Gamalux - Estanter\u00edas industriales","article_modified_time":"2025-02-07T12:00:45+00:00","og_image":[{"url":"https:\/\/gamalux.es\/servicios\/wp-content\/uploads\/2024\/08\/estanterias-portabobinas-04.jpg","type":"","width":"","height":""}],"twitter_card":"summary_large_image","twitter_misc":{"Tiempo de lectura":"2 minutos"},"schema":{"@context":"https:\/\/schema.org","@graph":[{"@type":"WebPage","@id":"https:\/\/gamalux.es\/servicios\/estanterias-portabobinas\/","url":"https:\/\/gamalux.es\/servicios\/estanterias-portabobinas\/","name":"Estanter\u00edas portabobinas para almacenes y naves industriales","isPartOf":{"@id":"https:\/\/gamalux.es\/servicios\/#website"},"primaryImageOfPage":{"@id":"https:\/\/gamalux.es\/servicios\/estanterias-portabobinas\/#primaryimage"},"image":{"@id":"https:\/\/gamalux.es\/servicios\/estanterias-portabobinas\/#primaryimage"},"thumbnailUrl":"https:\/\/gamalux.es\/servicios\/wp-content\/uploads\/2024\/08\/estanterias-portabobinas-04.jpg","datePublished":"2024-08-02T12:01:58+00:00","dateModified":"2025-02-07T12:00:45+00:00","description":"Dise\u00f1o e instalaci\u00f3n de estanter\u00edas portabobinas para almacenes y naves industriales de Sevilla, Huelva, C\u00e1diz, C\u00f3rdoba y Badajoz","breadcrumb":{"@id":"https:\/\/gamalux.es\/servicios\/estanterias-portabobinas\/#breadcrumb"},"inLanguage":"es","potentialAction":[{"@type":"ReadAction","target":["https:\/\/gamalux.es\/servicios\/estanterias-portabobinas\/"]}]},{"@type":"ImageObject","inLanguage":"es","@id":"https:\/\/gamalux.es\/servicios\/estanterias-portabobinas\/#primaryimage","url":"https:\/\/gamalux.es\/servicios\/wp-content\/uploads\/2024\/08\/estanterias-portabobinas-04.jpg","contentUrl":"https:\/\/gamalux.es\/servicios\/wp-content\/uploads\/2024\/08\/estanterias-portabobinas-04.jpg","width":1245,"height":840},{"@type":"BreadcrumbList","@id":"https:\/\/gamalux.es\/servicios\/estanterias-portabobinas\/#breadcrumb","itemListElement":[{"@type":"ListItem","position":1,"name":"Portada","item":"https:\/\/gamalux.es\/servicios\/"},{"@type":"ListItem","position":2,"name":"Estanter\u00edas portabobinas"}]},{"@type":"WebSite","@id":"https:\/\/gamalux.es\/servicios\/#website","url":"https:\/\/gamalux.es\/servicios\/","name":"Gamalux - Estanter\u00edas industriales","description":"","publisher":{"@id":"https:\/\/gamalux.es\/servicios\/#organization"},"potentialAction":[{"@type":"SearchAction","target":{"@type":"EntryPoint","urlTemplate":"https:\/\/gamalux.es\/servicios\/?s={search_term_string}"},"query-input":{"@type":"PropertyValueSpecification","valueRequired":true,"valueName":"search_term_string"}}],"inLanguage":"es"},{"@type":"Organization","@id":"https:\/\/gamalux.es\/servicios\/#organization","name":"Gamalux - Estanter\u00edas industriales","url":"https:\/\/gamalux.es\/servicios\/","logo":{"@type":"ImageObject","inLanguage":"es","@id":"https:\/\/gamalux.es\/servicios\/#\/schema\/logo\/image\/","url":"https:\/\/gamalux.es\/servicios\/wp-content\/uploads\/2024\/07\/gamalux.svg","contentUrl":"https:\/\/gamalux.es\/servicios\/wp-content\/uploads\/2024\/07\/gamalux.svg","width":93,"height":90,"caption":"Gamalux - Estanter\u00edas industriales"},"image":{"@id":"https:\/\/gamalux.es\/servicios\/#\/schema\/logo\/image\/"}}]}},"_links":{"self":[{"href":"https:\/\/gamalux.es\/servicios\/wp-json\/wp\/v2\/pages\/935","targetHints":{"allow":["GET"]}}],"collection":[{"href":"https:\/\/gamalux.es\/servicios\/wp-json\/wp\/v2\/pages"}],"about":[{"href":"https:\/\/gamalux.es\/servicios\/wp-json\/wp\/v2\/types\/page"}],"author":[{"embeddable":true,"href":"https:\/\/gamalux.es\/servicios\/wp-json\/wp\/v2\/users\/4"}],"replies":[{"embeddable":true,"href":"https:\/\/gamalux.es\/servicios\/wp-json\/wp\/v2\/comments?post=935"}],"version-history":[{"count":1,"href":"https:\/\/gamalux.es\/servicios\/wp-json\/wp\/v2\/pages\/935\/revisions"}],"predecessor-version":[{"id":2601,"href":"https:\/\/gamalux.es\/servicios\/wp-json\/wp\/v2\/pages\/935\/revisions\/2601"}],"wp:attachment":[{"href":"https:\/\/gamalux.es\/servicios\/wp-json\/wp\/v2\/media?parent=935"}],"curies":[{"name":"wp","href":"https:\/\/api.w.org\/{rel}","templated":true}]}}